{"id":99,"date":"2010-11-02T23:35:57","date_gmt":"2010-11-02T22:35:57","guid":{"rendered":"http:\/\/www.satg.pl\/wordpress\/"},"modified":"2016-03-28T21:14:44","modified_gmt":"2016-03-28T19:14:44","slug":"barborki","status":"publish","type":"page","link":"https:\/\/satg.pl\/geolog\/fotografie\/barborki\/","title":{"rendered":"BARB\u00f3RKI"},"content":{"rendered":"<p>\t<div class=\"ngg-albumoverview default-view\">\n\t\t\t\t\t<div class=\"ngg-album-compact\">\n\t\t\t\t<div class=\"ngg-album-compactbox\">\n\t\t\t\t\t<div class=\"ngg-album-link\">\n\t\t\t\t\t\t\t\t\t\t\t\t\t\t\t\t\t\t\t\t\t<a title='Barb\u00f3rka 2024' href='https:\/\/satg.pl\/geolog\/fotografie\/barborki\/nggallery\/barborki\/barborka-2024'>\n\t\t\t\t\t\t\t\t\t<img class=\"Thumb\"\n\t\t\t\t\t\t\t\t\t\talt=\"Barb\u00f3rka 2024\"\n\t\t\t\t\t\t\t\t\t\tsrc=\"https:\/\/satg.pl\/geolog\/wp-content\/gallery\/barborka-2024\/cache\/IMG_9426-3.JPG-nggid043787-ngg0dyn-300x200x100-00f0w010c010r110f110r010t010.JPG?t=1735626408\"\/>\n\t\t\t\t\t\t\t\t<\/a>\n\t\t\t\t\t\t\t\t\t\t\t\t\t\t\t\t\t\t<\/div>\n\t\t\t\t<\/div>\n\t\t\t\t\t\t\t\t<h4>\n\t\t\t\t\t<a class='ngg-album-desc'\n\t\t\t\t\ttitle='Barb\u00f3rka 2024' href='https:\/\/satg.pl\/geolog\/fotografie\/barborki\/nggallery\/barborki\/barborka-2024'style=\"max-width: 320px\"\t\t\t\t\t>\n\t\t\t\t\t\tBarb\u00f3rka 2024\t\t\t\t\t<\/a>\n\t\t\t\t<\/h4>\n\t\t\t\t<p class=\"ngg-album-gallery-image-counter\">\n\t\t\t\t\t\t\t\t\t\t\t<strong>34<\/strong>&nbsp;Zdj\u0119\u0107\t\t\t\t\t\t\t\t\t<\/p>\n\t\t\t<\/div>\n\t\t\t\t\t<div class=\"ngg-album-compact\">\n\t\t\t\t<div class=\"ngg-album-compactbox\">\n\t\t\t\t\t<div class=\"ngg-album-link\">\n\t\t\t\t\t\t\t\t\t\t\t\t\t\t\t\t\t\t\t\t\t<a title='Barb\u00f3rka 2023' href='https:\/\/satg.pl\/geolog\/fotografie\/barborki\/nggallery\/barborki\/barborka-2023'>\n\t\t\t\t\t\t\t\t\t<img class=\"Thumb\"\n\t\t\t\t\t\t\t\t\t\talt=\"Barb\u00f3rka 2023\"\n\t\t\t\t\t\t\t\t\t\tsrc=\"https:\/\/satg.pl\/geolog\/wp-content\/gallery\/barborka-2023\/cache\/20231202_194027.jpg-nggid043669-ngg0dyn-300x200x100-00f0w010c010r110f110r010t010.jpg?t=1706188981\"\/>\n\t\t\t\t\t\t\t\t<\/a>\n\t\t\t\t\t\t\t\t\t\t\t\t\t\t\t\t\t\t<\/div>\n\t\t\t\t<\/div>\n\t\t\t\t\t\t\t\t<h4>\n\t\t\t\t\t<a class='ngg-album-desc'\n\t\t\t\t\ttitle='Barb\u00f3rka 2023' href='https:\/\/satg.pl\/geolog\/fotografie\/barborki\/nggallery\/barborki\/barborka-2023'style=\"max-width: 320px\"\t\t\t\t\t>\n\t\t\t\t\t\tBarb\u00f3rka 2023\t\t\t\t\t<\/a>\n\t\t\t\t<\/h4>\n\t\t\t\t<p class=\"ngg-album-gallery-image-counter\">\n\t\t\t\t\t\t\t\t\t\t\t<strong>98<\/strong>&nbsp;Zdj\u0119\u0107\t\t\t\t\t\t\t\t\t<\/p>\n\t\t\t<\/div>\n\t\t\t\t\t<div class=\"ngg-album-compact\">\n\t\t\t\t<div class=\"ngg-album-compactbox\">\n\t\t\t\t\t<div class=\"ngg-album-link\">\n\t\t\t\t\t\t\t\t\t\t\t\t\t\t\t\t\t\t\t\t\t<a title='Barb\u00f3rka 2022' href='https:\/\/satg.pl\/geolog\/fotografie\/barborki\/nggallery\/barborki\/barborka-2022'>\n\t\t\t\t\t\t\t\t\t<img class=\"Thumb\"\n\t\t\t\t\t\t\t\t\t\talt=\"Barb\u00f3rka 2022\"\n\t\t\t\t\t\t\t\t\t\tsrc=\"https:\/\/satg.pl\/geolog\/wp-content\/gallery\/barborka-2022\/cache\/IMG-20221206-WA0001.jpg-nggid043558-ngg0dyn-300x200x100-00f0w010c010r110f110r010t010.jpg?t=1706188982\"\/>\n\t\t\t\t\t\t\t\t<\/a>\n\t\t\t\t\t\t\t\t\t\t\t\t\t\t\t\t\t\t<\/div>\n\t\t\t\t<\/div>\n\t\t\t\t\t\t\t\t<h4>\n\t\t\t\t\t<a class='ngg-album-desc'\n\t\t\t\t\ttitle='Barb\u00f3rka 2022' href='https:\/\/satg.pl\/geolog\/fotografie\/barborki\/nggallery\/barborki\/barborka-2022'style=\"max-width: 320px\"\t\t\t\t\t>\n\t\t\t\t\t\tBarb\u00f3rka 2022\t\t\t\t\t<\/a>\n\t\t\t\t<\/h4>\n\t\t\t\t<p class=\"ngg-album-gallery-image-counter\">\n\t\t\t\t\t\t\t\t\t\t\t<strong>15<\/strong>&nbsp;Zdj\u0119\u0107\t\t\t\t\t\t\t\t\t<\/p>\n\t\t\t<\/div>\n\t\t\t\t\t<div class=\"ngg-album-compact\">\n\t\t\t\t<div class=\"ngg-album-compactbox\">\n\t\t\t\t\t<div class=\"ngg-album-link\">\n\t\t\t\t\t\t\t\t\t\t\t\t\t\t\t\t\t\t\t\t\t<a title='Barb\u00f3rka 2019' href='https:\/\/satg.pl\/geolog\/fotografie\/barborki\/nggallery\/barborki\/Barb\u00f3rka-2019'>\n\t\t\t\t\t\t\t\t\t<img class=\"Thumb\"\n\t\t\t\t\t\t\t\t\t\talt=\"Barb\u00f3rka 2019\"\n\t\t\t\t\t\t\t\t\t\tsrc=\"https:\/\/satg.pl\/geolog\/wp-content\/gallery\/barborka-2019\/cache\/IMAG0442.jpg-nggid043438-ngg0dyn-300x200x100-00f0w010c010r110f110r010t010.jpg?t=1577957348\"\/>\n\t\t\t\t\t\t\t\t<\/a>\n\t\t\t\t\t\t\t\t\t\t\t\t\t\t\t\t\t\t<\/div>\n\t\t\t\t<\/div>\n\t\t\t\t\t\t\t\t<h4>\n\t\t\t\t\t<a class='ngg-album-desc'\n\t\t\t\t\ttitle='Barb\u00f3rka 2019' href='https:\/\/satg.pl\/geolog\/fotografie\/barborki\/nggallery\/barborki\/Barb\u00f3rka-2019'style=\"max-width: 320px\"\t\t\t\t\t>\n\t\t\t\t\t\tBarb\u00f3rka 2019\t\t\t\t\t<\/a>\n\t\t\t\t<\/h4>\n\t\t\t\t<p class=\"ngg-album-gallery-image-counter\">\n\t\t\t\t\t\t\t\t\t\t\t<strong>74<\/strong>&nbsp;Zdj\u0119\u0107\t\t\t\t\t\t\t\t\t<\/p>\n\t\t\t<\/div>\n\t\t\t\t\t<div class=\"ngg-album-compact\">\n\t\t\t\t<div class=\"ngg-album-compactbox\">\n\t\t\t\t\t<div class=\"ngg-album-link\">\n\t\t\t\t\t\t\t\t\t\t\t\t\t\t\t\t\t\t\t\t\t<a title='Barb\u00f3rka 2018' href='https:\/\/satg.pl\/geolog\/fotografie\/barborki\/nggallery\/barborki\/barborka-2018'>\n\t\t\t\t\t\t\t\t\t<img class=\"Thumb\"\n\t\t\t\t\t\t\t\t\t\talt=\"Barb\u00f3rka 2018\"\n\t\t\t\t\t\t\t\t\t\tsrc=\"https:\/\/satg.pl\/geolog\/wp-content\/gallery\/barborka-2018\/cache\/SATG_BARB%C3%93RKA_2018_001_2018_ZG.jpg-nggid043239-ngg0dyn-300x200x100-00f0w010c010r110f110r010t010.jpg?t=1576532065\"\/>\n\t\t\t\t\t\t\t\t<\/a>\n\t\t\t\t\t\t\t\t\t\t\t\t\t\t\t\t\t\t<\/div>\n\t\t\t\t<\/div>\n\t\t\t\t\t\t\t\t<h4>\n\t\t\t\t\t<a class='ngg-album-desc'\n\t\t\t\t\ttitle='Barb\u00f3rka 2018' href='https:\/\/satg.pl\/geolog\/fotografie\/barborki\/nggallery\/barborki\/barborka-2018'style=\"max-width: 320px\"\t\t\t\t\t>\n\t\t\t\t\t\tBarb\u00f3rka 2018\t\t\t\t\t<\/a>\n\t\t\t\t<\/h4>\n\t\t\t\t<p class=\"ngg-album-gallery-image-counter\">\n\t\t\t\t\t\t\t\t\t\t\t<strong>175<\/strong>&nbsp;Zdj\u0119\u0107\t\t\t\t\t\t\t\t\t<\/p>\n\t\t\t<\/div>\n\t\t\t\t\t<div class=\"ngg-album-compact\">\n\t\t\t\t<div class=\"ngg-album-compactbox\">\n\t\t\t\t\t<div class=\"ngg-album-link\">\n\t\t\t\t\t\t\t\t\t\t\t\t\t\t\t\t\t\t\t\t\t<a title='Barb\u00f3rka 2017' href='https:\/\/satg.pl\/geolog\/fotografie\/barborki\/nggallery\/barborki\/barborka-2017'>\n\t\t\t\t\t\t\t\t\t<img class=\"Thumb\"\n\t\t\t\t\t\t\t\t\t\talt=\"Barb\u00f3rka 2017\"\n\t\t\t\t\t\t\t\t\t\tsrc=\"https:\/\/satg.pl\/geolog\/wp-content\/gallery\/barborka-2017\/cache\/P1130935.jpg-nggid043000-ngg0dyn-300x200x100-00f0w010c010r110f110r010t010.jpg?t=1570918789\"\/>\n\t\t\t\t\t\t\t\t<\/a>\n\t\t\t\t\t\t\t\t\t\t\t\t\t\t\t\t\t\t<\/div>\n\t\t\t\t<\/div>\n\t\t\t\t\t\t\t\t<h4>\n\t\t\t\t\t<a class='ngg-album-desc'\n\t\t\t\t\ttitle='Barb\u00f3rka 2017' href='https:\/\/satg.pl\/geolog\/fotografie\/barborki\/nggallery\/barborki\/barborka-2017'style=\"max-width: 320px\"\t\t\t\t\t>\n\t\t\t\t\t\tBarb\u00f3rka 2017\t\t\t\t\t<\/a>\n\t\t\t\t<\/h4>\n\t\t\t\t<p class=\"ngg-album-gallery-image-counter\">\n\t\t\t\t\t\t\t\t\t\t\t<strong>55<\/strong>&nbsp;Zdj\u0119\u0107\t\t\t\t\t\t\t\t\t<\/p>\n\t\t\t<\/div>\n\t\t\t\t\t<div class=\"ngg-album-compact\">\n\t\t\t\t<div class=\"ngg-album-compactbox\">\n\t\t\t\t\t<div class=\"ngg-album-link\">\n\t\t\t\t\t\t\t\t\t\t\t\t\t\t\t\t\t\t\t\t\t<a title='Barb\u00f3rka 2016' href='https:\/\/satg.pl\/geolog\/fotografie\/barborki\/nggallery\/barborki\/Barb\u00f3rka-2016'>\n\t\t\t\t\t\t\t\t\t<img class=\"Thumb\"\n\t\t\t\t\t\t\t\t\t\talt=\"Barb\u00f3rka 2016\"\n\t\t\t\t\t\t\t\t\t\tsrc=\"https:\/\/satg.pl\/geolog\/wp-content\/gallery\/barborka-2016\/cache\/IMG_1266.jpg-nggid042778-ngg0dyn-300x200x100-00f0w010c010r110f110r010t010.jpg?t=1570918790\"\/>\n\t\t\t\t\t\t\t\t<\/a>\n\t\t\t\t\t\t\t\t\t\t\t\t\t\t\t\t\t\t<\/div>\n\t\t\t\t<\/div>\n\t\t\t\t\t\t\t\t<h4>\n\t\t\t\t\t<a class='ngg-album-desc'\n\t\t\t\t\ttitle='Barb\u00f3rka 2016' href='https:\/\/satg.pl\/geolog\/fotografie\/barborki\/nggallery\/barborki\/Barb\u00f3rka-2016'style=\"max-width: 320px\"\t\t\t\t\t>\n\t\t\t\t\t\tBarb\u00f3rka 2016\t\t\t\t\t<\/a>\n\t\t\t\t<\/h4>\n\t\t\t\t<p class=\"ngg-album-gallery-image-counter\">\n\t\t\t\t\t\t\t\t\t\t\t<strong>216<\/strong>&nbsp;Zdj\u0119\u0107\t\t\t\t\t\t\t\t\t<\/p>\n\t\t\t<\/div>\n\t\t\t\t\t<div class=\"ngg-album-compact\">\n\t\t\t\t<div class=\"ngg-album-compactbox\">\n\t\t\t\t\t<div class=\"ngg-album-link\">\n\t\t\t\t\t\t\t\t\t\t\t\t\t\t\t\t\t\t\t\t\t<a title='Barb\u00f3rka 2015' href='https:\/\/satg.pl\/geolog\/fotografie\/barborki\/nggallery\/barborki\/barborka-2015'>\n\t\t\t\t\t\t\t\t\t<img class=\"Thumb\"\n\t\t\t\t\t\t\t\t\t\talt=\"Barb\u00f3rka 2015\"\n\t\t\t\t\t\t\t\t\t\tsrc=\"https:\/\/satg.pl\/geolog\/wp-content\/gallery\/barborka-2015\/cache\/Barborka_2015_0001_MB-D.jpg-nggid041154-ngg0dyn-300x200x100-00f0w010c010r110f110r010t010.jpg?t=1597695272\"\/>\n\t\t\t\t\t\t\t\t<\/a>\n\t\t\t\t\t\t\t\t\t\t\t\t\t\t\t\t\t\t<\/div>\n\t\t\t\t<\/div>\n\t\t\t\t\t\t\t\t<h4>\n\t\t\t\t\t<a class='ngg-album-desc'\n\t\t\t\t\ttitle='Barb\u00f3rka 2015' href='https:\/\/satg.pl\/geolog\/fotografie\/barborki\/nggallery\/barborki\/barborka-2015'style=\"max-width: 320px\"\t\t\t\t\t>\n\t\t\t\t\t\tBarb\u00f3rka 2015\t\t\t\t\t<\/a>\n\t\t\t\t<\/h4>\n\t\t\t\t<p class=\"ngg-album-gallery-image-counter\">\n\t\t\t\t\t\t\t\t\t\t\t<strong>101<\/strong>&nbsp;Zdj\u0119\u0107\t\t\t\t\t\t\t\t\t<\/p>\n\t\t\t<\/div>\n\t\t\t\t\t<div class=\"ngg-album-compact\">\n\t\t\t\t<div class=\"ngg-album-compactbox\">\n\t\t\t\t\t<div class=\"ngg-album-link\">\n\t\t\t\t\t\t\t\t\t\t\t\t\t\t\t\t\t\t\t\t\t<a title='Barb\u00f3rka 2014' href='https:\/\/satg.pl\/geolog\/fotografie\/barborki\/nggallery\/barborki\/barborka-2014'>\n\t\t\t\t\t\t\t\t\t<img class=\"Thumb\"\n\t\t\t\t\t\t\t\t\t\talt=\"Barb\u00f3rka 2014\"\n\t\t\t\t\t\t\t\t\t\tsrc=\"https:\/\/satg.pl\/geolog\/wp-content\/gallery\/barborka-2014\/cache\/1-P1050078.jpg-nggid03925-ngg0dyn-300x200x100-00f0w010c010r110f110r010t010.jpg?t=1570918790\"\/>\n\t\t\t\t\t\t\t\t<\/a>\n\t\t\t\t\t\t\t\t\t\t\t\t\t\t\t\t\t\t<\/div>\n\t\t\t\t<\/div>\n\t\t\t\t\t\t\t\t<h4>\n\t\t\t\t\t<a class='ngg-album-desc'\n\t\t\t\t\ttitle='Barb\u00f3rka 2014' href='https:\/\/satg.pl\/geolog\/fotografie\/barborki\/nggallery\/barborki\/barborka-2014'style=\"max-width: 320px\"\t\t\t\t\t>\n\t\t\t\t\t\tBarb\u00f3rka 2014\t\t\t\t\t<\/a>\n\t\t\t\t<\/h4>\n\t\t\t\t<p class=\"ngg-album-gallery-image-counter\">\n\t\t\t\t\t\t\t\t\t\t\t<strong>229<\/strong>&nbsp;Zdj\u0119\u0107\t\t\t\t\t\t\t\t\t<\/p>\n\t\t\t<\/div>\n\t\t\t\t\t<div class=\"ngg-album-compact\">\n\t\t\t\t<div class=\"ngg-album-compactbox\">\n\t\t\t\t\t<div class=\"ngg-album-link\">\n\t\t\t\t\t\t\t\t\t\t\t\t\t\t\t\t\t\t\t\t\t<a title='Barb\u00f3rka 2013' href='https:\/\/satg.pl\/geolog\/fotografie\/barborki\/nggallery\/barborki\/barborka-2013'>\n\t\t\t\t\t\t\t\t\t<img class=\"Thumb\"\n\t\t\t\t\t\t\t\t\t\talt=\"Barb\u00f3rka 2013\"\n\t\t\t\t\t\t\t\t\t\tsrc=\"https:\/\/satg.pl\/geolog\/wp-content\/gallery\/barborka-2013\/cache\/barborka_2013_001.jpg-nggid03666-ngg0dyn-300x200x100-00f0w010c010r110f110r010t010.jpg?t=1570918790\"\/>\n\t\t\t\t\t\t\t\t<\/a>\n\t\t\t\t\t\t\t\t\t\t\t\t\t\t\t\t\t\t<\/div>\n\t\t\t\t<\/div>\n\t\t\t\t\t\t\t\t<h4>\n\t\t\t\t\t<a class='ngg-album-desc'\n\t\t\t\t\ttitle='Barb\u00f3rka 2013' href='https:\/\/satg.pl\/geolog\/fotografie\/barborki\/nggallery\/barborki\/barborka-2013'style=\"max-width: 320px\"\t\t\t\t\t>\n\t\t\t\t\t\tBarb\u00f3rka 2013\t\t\t\t\t<\/a>\n\t\t\t\t<\/h4>\n\t\t\t\t<p class=\"ngg-album-gallery-image-counter\">\n\t\t\t\t\t\t\t\t\t\t\t<strong>259<\/strong>&nbsp;Zdj\u0119\u0107\t\t\t\t\t\t\t\t\t<\/p>\n\t\t\t<\/div>\n\t\t\t\t\t<div class=\"ngg-album-compact\">\n\t\t\t\t<div class=\"ngg-album-compactbox\">\n\t\t\t\t\t<div class=\"ngg-album-link\">\n\t\t\t\t\t\t\t\t\t\t\t\t\t\t\t\t\t\t\t\t\t<a title='Barb\u00f3rka 2012' href='https:\/\/satg.pl\/geolog\/fotografie\/barborki\/nggallery\/barborki\/barborka-2012'>\n\t\t\t\t\t\t\t\t\t<img class=\"Thumb\"\n\t\t\t\t\t\t\t\t\t\talt=\"Barb\u00f3rka 2012\"\n\t\t\t\t\t\t\t\t\t\tsrc=\"https:\/\/satg.pl\/geolog\/wp-content\/gallery\/barborka-2012\/cache\/barborka_2012_001.jpg-nggid03516-ngg0dyn-300x200x100-00f0w010c010r110f110r010t010.jpg?t=1570918790\"\/>\n\t\t\t\t\t\t\t\t<\/a>\n\t\t\t\t\t\t\t\t\t\t\t\t\t\t\t\t\t\t<\/div>\n\t\t\t\t<\/div>\n\t\t\t\t\t\t\t\t<h4>\n\t\t\t\t\t<a class='ngg-album-desc'\n\t\t\t\t\ttitle='Barb\u00f3rka 2012' href='https:\/\/satg.pl\/geolog\/fotografie\/barborki\/nggallery\/barborki\/barborka-2012'style=\"max-width: 320px\"\t\t\t\t\t>\n\t\t\t\t\t\tBarb\u00f3rka 2012\t\t\t\t\t<\/a>\n\t\t\t\t<\/h4>\n\t\t\t\t<p class=\"ngg-album-gallery-image-counter\">\n\t\t\t\t\t\t\t\t\t\t\t<strong>150<\/strong>&nbsp;Zdj\u0119\u0107\t\t\t\t\t\t\t\t\t<\/p>\n\t\t\t<\/div>\n\t\t\t\t\t<div class=\"ngg-album-compact\">\n\t\t\t\t<div class=\"ngg-album-compactbox\">\n\t\t\t\t\t<div class=\"ngg-album-link\">\n\t\t\t\t\t\t\t\t\t\t\t\t\t\t\t\t\t\t\t\t\t<a title='Barb\u00f3rka 2011' href='https:\/\/satg.pl\/geolog\/fotografie\/barborki\/nggallery\/barborki\/barborka-2011'>\n\t\t\t\t\t\t\t\t\t<img class=\"Thumb\"\n\t\t\t\t\t\t\t\t\t\talt=\"Barb\u00f3rka 2011\"\n\t\t\t\t\t\t\t\t\t\tsrc=\"https:\/\/satg.pl\/geolog\/wp-content\/gallery\/barborka-2011\/cache\/barborka2011_tg_001.jpg-nggid03355-ngg0dyn-300x200x100-00f0w010c010r110f110r010t010.jpg?t=1570918791\"\/>\n\t\t\t\t\t\t\t\t<\/a>\n\t\t\t\t\t\t\t\t\t\t\t\t\t\t\t\t\t\t<\/div>\n\t\t\t\t<\/div>\n\t\t\t\t\t\t\t\t<h4>\n\t\t\t\t\t<a class='ngg-album-desc'\n\t\t\t\t\ttitle='Barb\u00f3rka 2011' href='https:\/\/satg.pl\/geolog\/fotografie\/barborki\/nggallery\/barborki\/barborka-2011'style=\"max-width: 320px\"\t\t\t\t\t>\n\t\t\t\t\t\tBarb\u00f3rka 2011\t\t\t\t\t<\/a>\n\t\t\t\t<\/h4>\n\t\t\t\t<p class=\"ngg-album-gallery-image-counter\">\n\t\t\t\t\t\t\t\t\t\t\t<strong>161<\/strong>&nbsp;Zdj\u0119\u0107\t\t\t\t\t\t\t\t\t<\/p>\n\t\t\t<\/div>\n\t\t\t\t\t<div class=\"ngg-album-compact\">\n\t\t\t\t<div class=\"ngg-album-compactbox\">\n\t\t\t\t\t<div class=\"ngg-album-link\">\n\t\t\t\t\t\t\t\t\t\t\t\t\t\t\t\t\t\t\t\t\t<a title='Barb\u00f3rka 2010' href='https:\/\/satg.pl\/geolog\/fotografie\/barborki\/nggallery\/barborki\/barborka-2010'>\n\t\t\t\t\t\t\t\t\t<img class=\"Thumb\"\n\t\t\t\t\t\t\t\t\t\talt=\"Barb\u00f3rka 2010\"\n\t\t\t\t\t\t\t\t\t\tsrc=\"https:\/\/satg.pl\/geolog\/wp-content\/gallery\/barborka-2010\/cache\/barborka2010_001.jpg-nggid03197-ngg0dyn-300x200x100-00f0w010c010r110f110r010t010.jpg?t=1570918791\"\/>\n\t\t\t\t\t\t\t\t<\/a>\n\t\t\t\t\t\t\t\t\t\t\t\t\t\t\t\t\t\t<\/div>\n\t\t\t\t<\/div>\n\t\t\t\t\t\t\t\t<h4>\n\t\t\t\t\t<a class='ngg-album-desc'\n\t\t\t\t\ttitle='Barb\u00f3rka 2010' href='https:\/\/satg.pl\/geolog\/fotografie\/barborki\/nggallery\/barborki\/barborka-2010'style=\"max-width: 320px\"\t\t\t\t\t>\n\t\t\t\t\t\tBarb\u00f3rka 2010\t\t\t\t\t<\/a>\n\t\t\t\t<\/h4>\n\t\t\t\t<p class=\"ngg-album-gallery-image-counter\">\n\t\t\t\t\t\t\t\t\t\t\t<strong>158<\/strong>&nbsp;Zdj\u0119\u0107\t\t\t\t\t\t\t\t\t<\/p>\n\t\t\t<\/div>\n\t\t\t\t\t<div class=\"ngg-album-compact\">\n\t\t\t\t<div class=\"ngg-album-compactbox\">\n\t\t\t\t\t<div class=\"ngg-album-link\">\n\t\t\t\t\t\t\t\t\t\t\t\t\t\t\t\t\t\t\t\t\t<a title='Barb\u00f3rka 2009' href='https:\/\/satg.pl\/geolog\/fotografie\/barborki\/nggallery\/barborki\/barborka-2009'>\n\t\t\t\t\t\t\t\t\t<img class=\"Thumb\"\n\t\t\t\t\t\t\t\t\t\talt=\"Barb\u00f3rka 2009\"\n\t\t\t\t\t\t\t\t\t\tsrc=\"https:\/\/satg.pl\/geolog\/wp-content\/gallery\/barborka-2009\/cache\/barborka5-121-09satg030.jpg-nggid03145-ngg0dyn-300x200x100-00f0w010c010r110f110r010t010.jpg?t=1570918791\"\/>\n\t\t\t\t\t\t\t\t<\/a>\n\t\t\t\t\t\t\t\t\t\t\t\t\t\t\t\t\t\t<\/div>\n\t\t\t\t<\/div>\n\t\t\t\t\t\t\t\t<h4>\n\t\t\t\t\t<a class='ngg-album-desc'\n\t\t\t\t\ttitle='Barb\u00f3rka 2009' href='https:\/\/satg.pl\/geolog\/fotografie\/barborki\/nggallery\/barborki\/barborka-2009'style=\"max-width: 320px\"\t\t\t\t\t>\n\t\t\t\t\t\tBarb\u00f3rka 2009\t\t\t\t\t<\/a>\n\t\t\t\t<\/h4>\n\t\t\t\t<p class=\"ngg-album-gallery-image-counter\">\n\t\t\t\t\t\t\t\t\t\t\t<strong>52<\/strong>&nbsp;Zdj\u0119\u0107\t\t\t\t\t\t\t\t\t<\/p>\n\t\t\t<\/div>\n\t\t\t\t\t<div class=\"ngg-album-compact\">\n\t\t\t\t<div class=\"ngg-album-compactbox\">\n\t\t\t\t\t<div class=\"ngg-album-link\">\n\t\t\t\t\t\t\t\t\t\t\t\t\t\t\t\t\t\t\t\t\t<a title='Barb\u00f3rka 2008' href='https:\/\/satg.pl\/geolog\/fotografie\/barborki\/nggallery\/barborki\/barborka-2008'>\n\t\t\t\t\t\t\t\t\t<img class=\"Thumb\"\n\t\t\t\t\t\t\t\t\t\talt=\"Barb\u00f3rka 2008\"\n\t\t\t\t\t\t\t\t\t\tsrc=\"https:\/\/satg.pl\/geolog\/wp-content\/gallery\/barborka-2008\/cache\/biesiadatg_29-11_01.jpg-nggid0251-ngg0dyn-300x200x100-00f0w010c010r110f110r010t010.jpg?t=1689875893\"\/>\n\t\t\t\t\t\t\t\t<\/a>\n\t\t\t\t\t\t\t\t\t\t\t\t\t\t\t\t\t\t<\/div>\n\t\t\t\t<\/div>\n\t\t\t\t\t\t\t\t<h4>\n\t\t\t\t\t<a class='ngg-album-desc'\n\t\t\t\t\ttitle='Barb\u00f3rka 2008' href='https:\/\/satg.pl\/geolog\/fotografie\/barborki\/nggallery\/barborki\/barborka-2008'style=\"max-width: 320px\"\t\t\t\t\t>\n\t\t\t\t\t\tBarb\u00f3rka 2008\t\t\t\t\t<\/a>\n\t\t\t\t<\/h4>\n\t\t\t\t<p class=\"ngg-album-gallery-image-counter\">\n\t\t\t\t\t\t\t\t\t\t\t<strong>94<\/strong>&nbsp;Zdj\u0119\u0107\t\t\t\t\t\t\t\t\t<\/p>\n\t\t\t<\/div>\n\t\t\t\t\t<div class=\"ngg-album-compact\">\n\t\t\t\t<div class=\"ngg-album-compactbox\">\n\t\t\t\t\t<div class=\"ngg-album-link\">\n\t\t\t\t\t\t\t\t\t\t\t\t\t\t\t\t\t\t\t\t\t<a title='Barb\u00f3rka 2007' href='https:\/\/satg.pl\/geolog\/fotografie\/barborki\/nggallery\/barborki\/barborka-2007'>\n\t\t\t\t\t\t\t\t\t<img class=\"Thumb\"\n\t\t\t\t\t\t\t\t\t\talt=\"Barb\u00f3rka 2007\"\n\t\t\t\t\t\t\t\t\t\tsrc=\"https:\/\/satg.pl\/geolog\/wp-content\/gallery\/barborka-2007\/cache\/foto133.jpg-nggid011-ngg0dyn-300x200x100-00f0w010c010r110f110r010t010.jpg?t=1698019406\"\/>\n\t\t\t\t\t\t\t\t<\/a>\n\t\t\t\t\t\t\t\t\t\t\t\t\t\t\t\t\t\t<\/div>\n\t\t\t\t<\/div>\n\t\t\t\t\t\t\t\t<h4>\n\t\t\t\t\t<a class='ngg-album-desc'\n\t\t\t\t\ttitle='Barb\u00f3rka 2007' href='https:\/\/satg.pl\/geolog\/fotografie\/barborki\/nggallery\/barborki\/barborka-2007'style=\"max-width: 320px\"\t\t\t\t\t>\n\t\t\t\t\t\tBarb\u00f3rka 2007\t\t\t\t\t<\/a>\n\t\t\t\t<\/h4>\n\t\t\t\t<p class=\"ngg-album-gallery-image-counter\">\n\t\t\t\t\t\t\t\t\t\t\t<strong>50<\/strong>&nbsp;Zdj\u0119\u0107\t\t\t\t\t\t\t\t\t<\/p>\n\t\t\t<\/div>\n\t\t\t\t<br class=\"ngg-clear\"\/>\n\t\t<div class='ngg-clear'><\/div>\t<\/div>\n<\/p>\n","protected":false},"excerpt":{"rendered":"<p>Barb\u00f3rka 2024 34&nbsp;Zdj\u0119\u0107 Barb\u00f3rka 2023 98&nbsp;Zdj\u0119\u0107 Barb\u00f3rka 2022 15&nbsp;Zdj\u0119\u0107 Barb\u00f3rka 2019 74&nbsp;Zdj\u0119\u0107 Barb\u00f3rka 2018 175&nbsp;Zdj\u0119\u0107 Barb\u00f3rka 2017 55&nbsp;Zdj\u0119\u0107 Barb\u00f3rka 2016 216&nbsp;Zdj\u0119\u0107 Barb\u00f3rka 2015 101&nbsp;Zdj\u0119\u0107 Barb\u00f3rka 2014 229&nbsp;Zdj\u0119\u0107 Barb\u00f3rka 2013 259&nbsp;Zdj\u0119\u0107 Barb\u00f3rka 2012 150&nbsp;Zdj\u0119\u0107 Barb\u00f3rka 2011 161&nbsp;Zdj\u0119\u0107 Barb\u00f3rka 2010 158&nbsp;Zdj\u0119\u0107 Barb\u00f3rka 2009 52&nbsp;Zdj\u0119\u0107 Barb\u00f3rka 2008 94&nbsp;Zdj\u0119\u0107 Barb\u00f3rka 2007 50&nbsp;Zdj\u0119\u0107<\/p>\n<p class=\"continue-reading-button\"> <a class=\"continue-reading-link\" href=\"https:\/\/satg.pl\/geolog\/fotografie\/barborki\/\">Czytaj dalej<i class=\"crycon-right-dir\"><\/i><\/a><\/p>\n","protected":false},"author":1,"featured_media":0,"parent":22,"menu_order":0,"comment_status":"closed","ping_status":"closed","template":"templates\/template-onecolumn.php","meta":{"ngg_post_thumbnail":0,"jetpack_post_was_ever_published":false,"footnotes":""},"class_list":["post-99","page","type-page","status-publish","hentry"],"jetpack_sharing_enabled":true,"jetpack_shortlink":"https:\/\/wp.me\/P7jPbe-1B","jetpack-related-posts":[{"id":620,"url":"https:\/\/satg.pl\/geolog\/teksty\/wiersze\/","url_meta":{"origin":99,"position":0},"title":"WIERSZE","author":"Garapozales","date":"2011-09-03","format":false,"excerpt":"Kielecki Geolog - Ryszard Kie\u0142ek(tekst oryginalny) \u00a0 \u00a0 \u00a0 \u00a0 W \u015bwi\u0119tokrzyskich g\u00f3r enklawie dzia\u0142a\u0142a kiedy\u015b pi\u0119kna szko\u0142a o nie tylko regionalnej, kieleckiej ale i narodowej s\u0142awie. Ten monolog m\u00f3wi o \u015bredniej szkole o nazwie \"Geolog\". Jego historia wiele lat si\u0119ga, to prawdziwa edukacyjna pot\u0119ga, technicy wiertnicy, p\u00f3\u017aniejsi in\u017cynierowie, uczelnie\u2026","rel":"","context":"Podobny wpis","block_context":{"text":"Podobny wpis","link":""},"img":{"alt_text":"","src":"https:\/\/i0.wp.com\/satg.pl\/geolog\/wp-content\/uploads\/2023\/06\/Ryszard-Kielek-150x150.jpg?resize=350%2C200","width":350,"height":200},"classes":[]},{"id":11,"url":"https:\/\/satg.pl\/geolog\/o-nas\/","url_meta":{"origin":99,"position":1},"title":"O NAS","author":"Garapozales","date":"2010-10-30","format":false,"excerpt":"STOWARZYSZENIE ABSOLWENT\u00d3W TECHNIKUM GEOLOGICZNEGO w Kielcach skupia by\u0142ych uczni\u00f3w i nauczycieli nieistniej\u0105cego ju\u017c Technikum Geologicznego w Kielcach. ReGULAMIN STOWARZYSZeNIA ABSOLWeNT\u00d3W TeCHNIKUM GeOLOGICZNeGO w Kielcach Stowarzyszenie absolwent\u00f3w Technikum Geologicznego w Kielcach zrzesza wszystkich absolwent\u00f3w i nauczycieli T.G. w Kielcach. Celem Stowarzyszenia jest integracja i utrzymywanie kontakt\u00f3w kole\u017ce\u0144skich i\u00a0towarzyskich z absolwentami i\u2026","rel":"","context":"Podobny wpis","block_context":{"text":"Podobny wpis","link":""},"img":{"alt_text":"","src":"","width":0,"height":0},"classes":[]}],"jetpack_likes_enabled":true,"_links":{"self":[{"href":"https:\/\/satg.pl\/geolog\/wp-json\/wp\/v2\/pages\/99","targetHints":{"allow":["GET"]}}],"collection":[{"href":"https:\/\/satg.pl\/geolog\/wp-json\/wp\/v2\/pages"}],"about":[{"href":"https:\/\/satg.pl\/geolog\/wp-json\/wp\/v2\/types\/page"}],"author":[{"embeddable":true,"href":"https:\/\/satg.pl\/geolog\/wp-json\/wp\/v2\/users\/1"}],"replies":[{"embeddable":true,"href":"https:\/\/satg.pl\/geolog\/wp-json\/wp\/v2\/comments?post=99"}],"version-history":[{"count":2,"href":"https:\/\/satg.pl\/geolog\/wp-json\/wp\/v2\/pages\/99\/revisions"}],"predecessor-version":[{"id":19213,"href":"https:\/\/satg.pl\/geolog\/wp-json\/wp\/v2\/pages\/99\/revisions\/19213"}],"up":[{"embeddable":true,"href":"https:\/\/satg.pl\/geolog\/wp-json\/wp\/v2\/pages\/22"}],"wp:attachment":[{"href":"https:\/\/satg.pl\/geolog\/wp-json\/wp\/v2\/media?parent=99"}],"curies":[{"name":"wp","href":"https:\/\/api.w.org\/{rel}","templated":true}]}}