{"id":9,"date":"2010-10-30T07:31:54","date_gmt":"2010-10-30T05:31:54","guid":{"rendered":"http:\/\/www.satg.pl\/wordpress\/"},"modified":"2010-10-30T07:31:54","modified_gmt":"2010-10-30T05:31:54","slug":"historia","status":"publish","type":"page","link":"https:\/\/satg.pl\/geolog\/historia\/","title":{"rendered":"HISTORIA"},"content":{"rendered":"<p><span style=\"font-family: Comic Sans MS,cursive;\">Historia TG<\/span><\/p>\n<p>&nbsp;<\/p>\n<p><span style=\"font-family: Comic Sans MS,cursive;\">Technikum Geologiczne w Kielcach powsta\u0142o w 1953 r. na mocy zarz\u0105dzenia z dnia 28 lutego 1953\u00a0r. nr IV-05b\/30 wydanego przez Centralny Urz\u0105d Geologii w Warszawie.<br \/>\nW roku szkolnym 1953\/54 by\u0142a jedna czterdziestoosobowa klasa wydzia\u0142u laboratoryjnego z\u00a0jednym nauczycielem etatowym, wychowawczyni\u0105 klasy by\u0142a mgr Maria Zatorska. Pierwszym dyrektorem szko\u0142y by\u0142 mgr Ignacy Nestorowicz. M\u0142odzie\u017c uczy\u0142a si\u0119 po po\u0142udniu w\u00a0budynku Technikum Chemicznego, korzysta\u0142a z\u00a0pracowni i urz\u0105dze\u0144 Technikum Chemicznego oraz kadry nauczycielskiej. M\u0142odzie\u017c spoza Kielc mieszka\u0142a w\u00a0internacie, kt\u00f3ry znajdowa\u0142 si\u0119 w starym poklasztornym budynku w Ch\u0119cinach. Dzi\u0119ki pomocy zak\u0142adu opieku\u0144czego, tj. Przedsi\u0119biorstwa Wierce\u0144 Geologiczno-Poszukiwawczych w Bia\u0142ogonie m\u0142odzie\u017c codziennie dowo\u017cono do szko\u0142y, w\u00a0warsztatach przedsi\u0119biorstwa odbywa\u0142y si\u0119 zaj\u0119cia praktyczne, a\u00a0in\u017cynierowie tego zak\u0142adu prowadzili w szkole zaj\u0119cia jako nauczyciele dochodz\u0105cy.<br \/>\nW roku szkolnym 1954\/55 zosta\u0142 utworzony nowy wydzia\u0142 Technikum Geologicznego \u2013 wiertnictwo. W zwi\u0105zku z\u00a0konieczno\u015bci\u0105 kszta\u0142cenia potrzebnych gospodarce narodowej geolog\u00f3w i wiertnik\u00f3w, Centralny Urz\u0105d w\u00a0Warszawie, kt\u00f3remu szko\u0142a podlega\u0142a, wysun\u0105\u0142 projekt budowy budynku i internatu. Gdy w 1955 r. dyrektorem Technikum Chemicznego zosta\u0142 Jan Kami\u0144ski, g\u0142\u00f3wnym celem jego dzia\u0142ania by\u0142o wprowadzenie w czyn projektu CUG.<br \/>\n1 wrze\u015bnia 1957 roku szko\u0142\u0119 przej\u0119\u0142o Ministerstwo O\u015bwiaty i Wychowania. Zmiana resortu op\u00f3\u017ani\u0142a budow\u0119 szko\u0142y. Rozpocz\u0119to j\u0105 dopiero w 1959 r. Na 2 ha terenu przy ulicy \u015aciegiennego 13. Mimo pi\u0119trz\u0105cych si\u0119 trudno\u015bci (brak w\u0142asnych nauczycieli i\u00a0warsztat\u00f3w, nauka popo\u0142udniowa) m\u0142odzie\u017c uczy\u0142a si\u0119 dobrze, odbywa\u0142a praktyki zawodowe i \u0107wiczenia terenowe pod kierunkiem, na razie dochodz\u0105cych, nauczycieli geolog\u00f3w i wiertnik\u00f3w. Zaczyna\u0142y te\u017c si\u0119 tworzy\u0107 tradycje \u015bwiadcz\u0105ce o \u0142\u0105czno\u015bci z\u00a0braci\u0105 g\u00f3rnicz\u0105. Pierwszy raz obchodzono w\u00a0szkole Barb\u00f3rk\u0119 w grudniu 1955 r., a\u00a0pierwszy ob\u00f3z w\u0119drowny letni zorganizowano w 1956 r. \u0141\u0105cznie z m\u0142odzie\u017c\u0105 technik\u00f3w\u00a0geologicznych z Warszawy i Kielc. Zar\u00f3wno Barb\u00f3rka, jak i obozy w\u0119drowne odbywa\u0142y si\u0119 odt\u0105d co roku.<br \/>\nW 1957 r., wyszli ze szko\u0142y pierwsi absolwenci, a by\u0142o ich 21. Warto odnotowa\u0107 sk\u0142ad I\u00a0Pa\u0144stwowej Komisji Egzaminacyjnej: przewodnicz\u0105cy \u2013 dyr. Jan Kami\u0144ski, cz\u0142onkowie \u2013 I.\u00a0Nestorowicz, E. Gigo\u0144, E. Senkowicz, Z.\u00a0Polak i M.\u00a0Zatorska.<br \/>\nNiezwyk\u0142ym prze\u017cyciem dla nauczycieli i m\u0142odzie\u017cy by\u0142a pomoc przy kopaniu ziemi pod fundamenty szko\u0142y. W\u00a0wolnych chwilach pracowali wszyscy, uwa\u017caj\u0105c t\u0119 prac\u0119 za sw\u00f3j obowi\u0105zek. Akt erekcyjny uroczy\u015bcie wmurowano w obecno\u015bci przedstawicieli w\u0142adz o\u015bwiatowych i miejskich. W tym tak\u017ce roku m\u0142odzie\u017c mieszkaj\u0105ca w internacie w Ch\u0119cinach przenios\u0142a si\u0119 do starego budynku przy ulicy Moniuszki, gdzie zlokalizowano internat Technikum Geologicznego. Kierowniczk\u0105 internatu zosta\u0142a dotychczasowa wychowawczyni p.\u00a0Zenona Tomczyk. Zainteresowanie uczni\u00f3w szk\u00f3\u0142 podstawowych Technikum Geologicznym by\u0142o du\u017ce \u2013 nab\u00f3r m\u0142odzie\u017cy z ka\u017cdym rokiem wzrasta\u0142. Od 1963 r. Rozpoczyna\u0142o nauk\u0119 w 5 klasach pierwszych ok. 200 uczni\u00f3w z r\u00f3\u017cnych stron Polski. Decyzj\u0105 Ministerstwa O\u015bwiaty i\u00a0Wychowania w\u00a0roku 1960 nie przeprowadzano egzamin\u00f3w dojrza\u0142o\u015bci, poniewa\u017c przed\u0142u\u017cono nauk\u0119 o jeden rok (obowi\u0105zywa\u0142 5-letni program nauczania).<br \/>\nTymczasem nowy budynek przy ulicy \u015aciegiennego 13 by\u0142 ju\u017c prawie gotowy. Zaczyna\u0142a si\u0119 przeprowadzka pod kierunkiem z-cy dyr. E. Senkowicza i prof. J. Mrozickiego, kt\u00f3ry zaopatrywa\u0142 szko\u0142\u0119 w sprz\u0119t, pomoce naukowe itp.<br \/>\nDalsze lata \u2013 to nauka i praca spo\u0142eczna na rzecz szko\u0142y i miasta. Bogaci\u0142y si\u0119 pracownie geologii wiertnictwa i\u00a0mineralogii o eksponaty wykonane i przywo\u017cone z praktyk i \u0107wicze\u0144, pi\u0119knia\u0142 wystr\u00f3j wewn\u0119trzny szko\u0142y, przybywa\u0142o tom\u00f3w w bibliotece i coraz cz\u0119\u015bciej m\u00f3wi\u0142o si\u0119 i pisa\u0142o o\u00a0m\u0142odzie\u017cy z Technikum Geologicznego oraz ukazywa\u0142y si\u0119 notatki w prasie nie tylko kieleckiej. A\u00a0jak pi\u0119knie prezentowa\u0142a si\u0119 m\u0142odzie\u017c w mundurkach szkolnych i charakterystycznych czarno-zielonych czapkach! Du\u017cym prze\u017cyciem by\u0142a Barb\u00f3rka 1967 r., w czasie kt\u00f3rej przewodnicz\u0105cy Komitetu Rodzicielskiego, p. Stefan Olesiak wr\u0119czy\u0142 dyrektorowi szko\u0142y sztandar ufundowany ze sk\u0142adek rodzic\u00f3w i dotacji zak\u0142adu opieku\u0144czego. Pierwszy poczet sztandarowy stanowili: El\u017cbieta Adamska, Jolanta Kruszczak i Adam Skowron.<br \/>\nZwyczajem szko\u0142y sta\u0142o si\u0119 odt\u0105d uroczyste przekazywanie sztandaru przez absolwent\u00f3w uczniom klas IV oraz \u015blubowanie m\u0142odzie\u017cy klas I w dniu uroczystego rozpocz\u0119cia roku szkolnego. Sztandar u\u015bwietnia\u0142 wi\u0119ksze uroczysto\u015bci w szkole.<br \/>\nW styczniu 1968 r. m\u0142odzie\u017c internacka wprowadzi\u0142a si\u0119 do nowego mi\u0119dzyszkolnego internatu przy ul. Szymanowskiego. Gdy rozpocz\u0119to prace przy odbudowie Zamku Kr\u00f3lewskiego w\u00a0Warszawie, uczniowie klas starszych wyje\u017cd\u017cali autokarem do Warszawy i\u00a0pracowali przy odgruzowaniu fundament\u00f3w zamku. W\u00a0\u201eKronice Szko\u0142y\u201d s\u0105 nie tylko zdj\u0119cia ale i oryginalny druk z podzi\u0119kowaniem Obywatelskiego Komitetu Odbudowy Zamku (z X.1971 r.). wiele godzin przepracowa\u0142a m\u0142odzie\u017c dla miasta Kielc, np. przy zak\u0142adaniu ziele\u0144c\u00f3w wzd\u0142u\u017c nowych ulic miasta, uprz\u0105taniu mogi\u0142 \u017co\u0142nierskich, sprz\u0105taniu parku miejskiego, oczyszczaniu ze \u015bmieci rezerwatu Karcz\u00f3wka oraz wierceniu studni dla okolicznych wsi.<br \/>\nDnia 28 lutego 1972 r. dyrektor Jan Kami\u0144ski odszed\u0142 na emerytur\u0119. W dniu tym odby\u0142a si\u0119 uroczysto\u015b\u0107 po\u017cegnania, na kt\u00f3r\u0105 przyby\u0142y w\u0142adze o\u015bwiatowe, przedstawiciele zak\u0142ad\u00f3w opieku\u0144czych, Komitetu Rodzicielskiego oraz ca\u0142e grono nauczycielskie i m\u0142odzie\u017c. By\u0142o wiele ciep\u0142ych s\u0142\u00f3w i serdeczno\u015bci oraz uznania dla pedagoga i wychowawcy, kt\u00f3ry przepracowa\u0142 50 lat w zawodzie nauczycielskim. Nowym dyrektorem szko\u0142y zosta\u0142 Marian Niemiec, dotychczasowy zast\u0119pca dyrektora.<br \/>\nW dniach 10 i 11.VI.1972 r. odby\u0142 si\u0119 I Zjazd Absolwent\u00f3w Technikum Geologicznego z\u00a0okazji 20 rocznicy powstania szko\u0142y. Pe\u0142na dokumentacja tego zjazdu istnieje, ilustrowana bogato zdj\u0119ciami, w specjalnie wydanej Ksi\u0119dze Pami\u0105tkowej. W roku szkolnym 1974\/75 i\u00a0dalszych zaczyna\u0142a przewa\u017ca\u0107 liczba nauczycieli etatowych nad dochodz\u0105cymi, nast\u0105pi\u0142a pewna stabilizacja kadry pedagogicznej.<br \/>\nCharakterystyczne staj\u0105 si\u0119 fakty, \u017ce do szko\u0142y przychodzi\u0107 zaczynaj\u0105 rodze\u0144stwa tych, co t\u0119 szko\u0142\u0119 ko\u0144czyli, np.: Sitarscy, Olesiakowie, Pa\u0142czy\u0144scy, Siwkowie, Ordelewscy, Przepi\u00f3r\u00f3wny, Serafin\u00f3wny, Reczy\u0144scy, Hasiakowie, Kwapieniowie, Kowalscy, Szlufik\u00f3wny. Powracaj\u0105 do szko\u0142y nasi absolwenci, kt\u00f3rzy po uko\u0144czeniu wy\u017cszych studi\u00f3w, rozpoczynaj\u0105 prac\u0119 w szkole jako nauczyciele etatowi: Miros\u0142aw Zardzewia\u0142y, Janusz Tomaszewski, Andrzej Mazur, Anna Sygu\u0142a-Piskorzowa, Bogumi\u0142 Selerski albo jako nauczyciele dochodz\u0105cy, np.: Anna Ta\u0142asiewicz-\u017byrak, Czes\u0142aw Gonciarz, Alicja Pobratyn. W dniu 1.III.1978 r. dyrektor szko\u0142y, mgr in\u017c. Marian Niemiec wyjecha\u0142 do Mongolii, by bra\u0107 udzia\u0142 w pracach Mi\u0119dzynarodowej Ekspedycji Geologicznej.<br \/>\nD rektorem szko\u0142y w\u0142adze mianowa\u0142y wieloletni\u0105 nauczycielk\u0119 i zast\u0119pczyni\u0119 dyrektora, mgr Wand\u0119 Marcinkowsk\u0105. Po przej\u015bciu W. Marcinkowskiej na zas\u0142u\u017con\u0105 emerytur\u0119 kolejnym dyrektorem by\u0142 Czes\u0142aw Jaroszewski.<br \/>\nDu\u017cym wydarzeniem by\u0142a decyzja w\u0142adz o\u015bwiatowych w sierpniu 1982 r., na mocy kt\u00f3rej m\u0142odzie\u017c Technikum Geologicznego przeniesiono do budynku Zespo\u0142u Szk\u00f3\u0142 Zawodowych nr 2 przy ul. Marchlewskiego 4 (obecnie Aleja Legion\u00f3w), a budynek Technikum Geologicznego wraz z\u00a0wyposa\u017ceniem przekazano Zespo\u0142owi Zasadniczych Szk\u00f3\u0142 Zawodowych nr 4.<br \/>\nO d 1 wrze\u015bnia 1982 r. m\u0142odzie\u017c wraz z nauczycielami i zast\u0119pc\u0105 dyrektora mgr Jolant\u0105 Szajn sta\u0142a si\u0119 cz\u0105stk\u0105 Zespo\u0142u Szk\u00f3\u0142 Zawodowych nr 2, kt\u00f3rego dyrektorem by\u0142 mgr Mieczys\u0142aw Krzosa.<br \/>\nNauka odbywa\u0142a si\u0119 rano i po po\u0142udniu. W latach 1982-1983 adaptowano niekt\u00f3re sale do nauczania przedmiot\u00f3w geologicznych. Zorganizowano pracownie: kartografii geologicznej, geologii regionalnej, mineralogii i wiertnictwa. Powstawa\u0142y one dzi\u0119ki staraniom oraz pracy nauczycieli i uczni\u00f3w, Kt\u00f3rzy poprzez prace dyplomowe wzbogacili pracownie.<br \/>\nPodczas II Zjazdu Absolwent\u00f3w w dniu 1.X.1983 r. z okazji XXX-lecia szko\u0142y nadano Technikum Geologicznemu w\u00a0Kielcach imi\u0119 Stanis\u0142awa Staszica. Uroczystego ods\u0142oni\u0119cia pami\u0105tkowej tablicy po\u015bwi\u0119conej patronowi szko\u0142y dokona\u0142 d\u0142ugoletni dyrektor szko\u0142y Jan Rafa\u0142 Kami\u0144ski.<br \/>\nKryzys gospodarczy wywar\u0142 wp\u0142yw na zmniejszenie zapotrzebowania na absolwent\u00f3w technik\u00f3w geologicznych. Spowodowa\u0142o to zmniejszenie naboru uczni\u00f3w do klas wiertniczych i\u00a0geologicznych, a nawet wstrzymanie naboru do klasy wiertniczej. <\/span><\/p>\n<p><span style=\"font-family: Comic Sans MS,cursive;\"><br \/>\nOd 1984 r. przyznawane by\u0142y nagrody im. J. Kami\u0144skiego fundowane przez absolwenta Technikum Geologicznego \u2013 W\u0142adys\u0142awa Kamusi\u0144skiego. Pierwszymi wyr\u00f3\u017cnionymi byli: Grzegorz Bielejec, Julita Rzeczy\u0144ska, Micha\u0142 Ha\u0142ubek. W latach nast\u0119pnych nagrody otrzymali: Andrzej Kasza, Janina Zielonka, Marek Tyrcha, Urszula Dekasi\u0144ska, Grzegorz W\u00f3jcikowski, Zbigniew Rek, Renata Pos\u0142owska, Artur Reczy\u0144ski, Wojciech Szczygielski, Sylwester Salwa, Agnieszka Ko\u0142odziej, Zbigniew Grzela, Dariusz Czy\u017c, S\u0142awomir Tomala, Katarzyna Derlatka, Piotr Kowalski, Dominik Pazera, Andrzej Dusak, Pawe\u0142 Buczkowski, Maciej Flaczy\u0144ski, Marcin Kwapie\u0144, Karol Karbownik, Piotr Grabarz, Urszula Dragan, Renata \u0141ebek, Jadwiga Chodnicka, Mariusz \u015aledzik, Wojciech Kucharski, Marcin Lis, Marta Szlufik, Hubert Czerw, Rafa\u0142 Doch, Marcin Lis, Krzysztof Kot, Maciej Mularczyk, Kamil Bartczak, Marcin Kowalski, Piotr Szrek, Micha\u0142 Jastrz\u0119bski, Magdalena B\u0119benek, Maciej Ma\u0142kiewicz, Grzegorz Nied\u017awiedzki, Anna Machul, Iwona Domaga\u0142a, Magdalena Weso\u0142owska . W organizowaniu \u017cycia szko\u0142y bardzo czynnie uczestniczy\u0142o Ko\u0142o M\u0142odych Geolog\u00f3w \u201eGagaty\u201d, ko\u0142o m\u0142odzie\u017cowe PTTK oraz Samorz\u0105d Uczniowski.<br \/>\n<\/span><\/p>\n<p><span style=\"font-family: Comic Sans MS,cursive;\">W wyniku przeprowadzonych reform w 2005 roku, wraz z zako\u0144czeniem nauki ostatniej 5 klasy Technikum Geologiczne przesta\u0142o istnie\u0107..<\/span><\/p>\n<p><span style=\"font-family: Comic Sans MS,cursive;\">(na podstawie historii ze strony TG) [ZbG]<\/span><\/p>\n","protected":false},"excerpt":{"rendered":"<p>Historia TG &nbsp; Technikum Geologiczne w Kielcach powsta\u0142o w 1953 r. na mocy zarz\u0105dzenia z dnia 28 lutego 1953\u00a0r. nr IV-05b\/30 wydanego przez Centralny Urz\u0105d Geologii w Warszawie. W roku szkolnym 1953\/54 by\u0142a jedna czterdziestoosobowa klasa wydzia\u0142u laboratoryjnego z\u00a0jednym nauczycielem etatowym, wychowawczyni\u0105 klasy by\u0142a mgr Maria Zatorska. Pierwszym dyrektorem szko\u0142y\u2026<\/p>\n<p class=\"continue-reading-button\"> <a class=\"continue-reading-link\" href=\"https:\/\/satg.pl\/geolog\/historia\/\">Czytaj dalej<i class=\"crycon-right-dir\"><\/i><\/a><\/p>\n","protected":false},"author":1,"featured_media":0,"parent":0,"menu_order":0,"comment_status":"closed","ping_status":"closed","template":"page-onecolumniframe.php","meta":{"ngg_post_thumbnail":0,"jetpack_post_was_ever_published":false,"footnotes":""},"class_list":["post-9","page","type-page","status-publish","hentry"],"jetpack_sharing_enabled":true,"jetpack_shortlink":"https:\/\/wp.me\/P7jPbe-9","jetpack-related-posts":[{"id":1626,"url":"https:\/\/satg.pl\/geolog\/teksty\/wspomnienia\/","url_meta":{"origin":9,"position":0},"title":"WSPOMNIENIA","author":"Garapozales","date":"2013-06-21","format":false,"excerpt":"O UCZNIACH, KT\u00d3RZY KOCHALI SWOJ\u0104 SZKO\u0141\u0118 CZYLI FENOMEN TECHNIKUM GEOLOGICZNEGO W KIELCACH NAPISANE PRZEZ; ZOFIA T. KRAMER (PAWLIK), matura 1983 D\u0142ugo my\u015bla\u0142am co powinnam napisa\u0107, aby przekaza\u0107 moje wspomnienia z pi\u0119ciu fantastycznych lat \u017cycia i nikogo nie pomin\u0105\u0107, dlatego nikogo nie wymieniam tu z imienia i nazwiska. Ci, kt\u00f3rzy byli\u2026","rel":"","context":"Podobny wpis","block_context":{"text":"Podobny wpis","link":""},"img":{"alt_text":"","src":"","width":0,"height":0},"classes":[]},{"id":1268,"url":"https:\/\/satg.pl\/geolog\/zjazd_2013\/","url_meta":{"origin":9,"position":1},"title":"ZJAZD","author":"Garapozales","date":"2012-12-26","format":false,"excerpt":"Strona po\u015bwi\u0119cona zjazdowi, kt\u00f3ry odb\u0119dzie si\u0119 w czerwcu 2013 roku. Same naj\u015bwie\u017csze informacje JUBILEUSZOWY X ZJAZD ABSOLWENT\u00d3W TG w dniach 8-9 czerwca 2013 r. UWAGA: Absolwenci posiadaj\u0105cy galowe mundury g\u00f3rnicze proszeni s\u0105 o uczestnictwo w nich w cz\u0119\u015bci oficjalnej. Op\u0142ata za udzia\u0142 wynosi 220 z\u0142 (ma\u0142\u017ce\u0144stwa absolwenckie TG - 350\u2026","rel":"","context":"Podobny wpis","block_context":{"text":"Podobny wpis","link":""},"img":{"alt_text":"Zjazd","src":"https:\/\/i0.wp.com\/satg.pl\/geolog\/wp-content\/uploads\/2012\/12\/Zjazd.png?resize=350%2C200","width":350,"height":200},"classes":[]},{"id":620,"url":"https:\/\/satg.pl\/geolog\/teksty\/wiersze\/","url_meta":{"origin":9,"position":2},"title":"WIERSZE","author":"Garapozales","date":"2011-09-03","format":false,"excerpt":"Kielecki Geolog - Ryszard Kie\u0142ek(tekst oryginalny) \u00a0 \u00a0 \u00a0 \u00a0 W \u015bwi\u0119tokrzyskich g\u00f3r enklawie dzia\u0142a\u0142a kiedy\u015b pi\u0119kna szko\u0142a o nie tylko regionalnej, kieleckiej ale i narodowej s\u0142awie. Ten monolog m\u00f3wi o \u015bredniej szkole o nazwie \"Geolog\". Jego historia wiele lat si\u0119ga, to prawdziwa edukacyjna pot\u0119ga, technicy wiertnicy, p\u00f3\u017aniejsi in\u017cynierowie, uczelnie\u2026","rel":"","context":"Podobny wpis","block_context":{"text":"Podobny wpis","link":""},"img":{"alt_text":"","src":"https:\/\/i0.wp.com\/satg.pl\/geolog\/wp-content\/uploads\/2023\/06\/Ryszard-Kielek-150x150.jpg?resize=350%2C200","width":350,"height":200},"classes":[]},{"id":11,"url":"https:\/\/satg.pl\/geolog\/o-nas\/","url_meta":{"origin":9,"position":3},"title":"O NAS","author":"Garapozales","date":"2010-10-30","format":false,"excerpt":"STOWARZYSZENIE ABSOLWENT\u00d3W TECHNIKUM GEOLOGICZNEGO w Kielcach skupia by\u0142ych uczni\u00f3w i nauczycieli nieistniej\u0105cego ju\u017c Technikum Geologicznego w Kielcach. ReGULAMIN STOWARZYSZeNIA ABSOLWeNT\u00d3W TeCHNIKUM GeOLOGICZNeGO w Kielcach Stowarzyszenie absolwent\u00f3w Technikum Geologicznego w Kielcach zrzesza wszystkich absolwent\u00f3w i nauczycieli T.G. w Kielcach. Celem Stowarzyszenia jest integracja i utrzymywanie kontakt\u00f3w kole\u017ce\u0144skich i\u00a0towarzyskich z absolwentami i\u2026","rel":"","context":"Podobny wpis","block_context":{"text":"Podobny wpis","link":""},"img":{"alt_text":"","src":"","width":0,"height":0},"classes":[]},{"id":128,"url":"https:\/\/satg.pl\/geolog\/teksty\/piesnipiosenki\/","url_meta":{"origin":9,"position":4},"title":"PIE\u015aNI\/PIOSENKI","author":"Garapozales","date":"2010-11-03","format":false,"excerpt":"Hymn g\u00f3rniczy [audio: Gorniczy stan.mp3] Hello World! G\u00f3rniczy Stan niech nam \u017cyje Niech \u017cyje nam G\u00f3rniczy Stan, Bo cho\u0107 przed nami dzienne \u015bwiat\u0142o kryje To\u0107 dla ojczyzny trud ten jest nam dan Bo\u0107 synowi podziemnych czarnych \u015bwiat\u00f3w Ka\u017cdy ch\u0119tnie poda sw\u0105 d\u0142o\u0144\/(bis) Niech \u017cyje nam G\u00f3rniczy Stan G\u00f3rniczy Stan niech\u2026","rel":"","context":"Podobny wpis","block_context":{"text":"Podobny wpis","link":""},"img":{"alt_text":"","src":"","width":0,"height":0},"classes":[]},{"id":255,"url":"https:\/\/satg.pl\/geolog\/spis-absolwentow\/nauczyciele\/","url_meta":{"origin":9,"position":5},"title":"NAUCZYCIELE","author":"Garapozales","date":"2010-11-09","format":false,"excerpt":"Dyrektorzy szko\u0142y Ignacy Nesterowicz Jan Rafa\u0142 Kami\u0144ski Marian Niemiec Wanda Marcinkow\u00adska Czes\u0142aw Jaroszewski Mieczys\u0142aw Krzosa W\u0142odzimierz Talik Tadeusz Mertyna Zast\u0119pcy dyrektora Eugeniusz Senkowicz Marian Niemiec Ryszard Zieli\u0144ski Wanda Marcinkowska Stanis\u0142aw Kozie\u0142 Kazimierz Bogda\u0144ski Zenon Wo\u017aniak Jolanta Szajn Wychowawcy klas Halina Baka\u0142arz 1984, 1988 Kazimierz Bogda\u0144ski, 1970, 1978 Zbigniew Cygan 1959\u2026","rel":"","context":"Podobny wpis","block_context":{"text":"Podobny wpis","link":""},"img":{"alt_text":"","src":"","width":0,"height":0},"classes":[]}],"jetpack_likes_enabled":true,"_links":{"self":[{"href":"https:\/\/satg.pl\/geolog\/wp-json\/wp\/v2\/pages\/9","targetHints":{"allow":["GET"]}}],"collection":[{"href":"https:\/\/satg.pl\/geolog\/wp-json\/wp\/v2\/pages"}],"about":[{"href":"https:\/\/satg.pl\/geolog\/wp-json\/wp\/v2\/types\/page"}],"author":[{"embeddable":true,"href":"https:\/\/satg.pl\/geolog\/wp-json\/wp\/v2\/users\/1"}],"replies":[{"embeddable":true,"href":"https:\/\/satg.pl\/geolog\/wp-json\/wp\/v2\/comments?post=9"}],"version-history":[{"count":0,"href":"https:\/\/satg.pl\/geolog\/wp-json\/wp\/v2\/pages\/9\/revisions"}],"wp:attachment":[{"href":"https:\/\/satg.pl\/geolog\/wp-json\/wp\/v2\/media?parent=9"}],"curies":[{"name":"wp","href":"https:\/\/api.w.org\/{rel}","templated":true}]}}