{"id":617,"date":"2011-09-03T06:35:00","date_gmt":"2011-09-03T05:35:00","guid":{"rendered":"http:\/\/www.satg.pl\/wordpress\/"},"modified":"2011-09-03T06:35:00","modified_gmt":"2011-09-03T05:35:00","slug":"teksty","status":"publish","type":"page","link":"https:\/\/satg.pl\/geolog\/teksty\/","title":{"rendered":"TEKSTY"},"content":{"rendered":"<p><span style=\"text-decoration: underline;\"><a href=\"http:\/\/www.satg.pl\/wordpress\/teksty\/piesnipiosenki\/\" target=\"_self\">PIOSENKI<\/a><\/span><\/p>\n<p><span style=\"text-decoration: underline;\"><a href=\"http:\/\/www.satg.pl\/wordpress\/teksty\/wiersze\/\" target=\"_self\">WIERSZE<\/a><\/span><\/p>\n","protected":false},"excerpt":{"rendered":"<p>PIOSENKI WIERSZE<\/p>\n<p class=\"continue-reading-button\"> <a class=\"continue-reading-link\" href=\"https:\/\/satg.pl\/geolog\/teksty\/\">Czytaj dalej<i class=\"crycon-right-dir\"><\/i><\/a><\/p>\n","protected":false},"author":1,"featured_media":0,"parent":0,"menu_order":0,"comment_status":"closed","ping_status":"open","template":"","meta":{"ngg_post_thumbnail":0,"jetpack_post_was_ever_published":false,"footnotes":""},"class_list":["post-617","page","type-page","status-publish","hentry"],"jetpack_sharing_enabled":true,"jetpack_shortlink":"https:\/\/wp.me\/P7jPbe-9X","jetpack-related-posts":[{"id":620,"url":"https:\/\/satg.pl\/geolog\/teksty\/wiersze\/","url_meta":{"origin":617,"position":0},"title":"WIERSZE","author":"Garapozales","date":"2011-09-03","format":false,"excerpt":"Kielecki Geolog - Ryszard Kie\u0142ek(tekst oryginalny) \u00a0 \u00a0 \u00a0 \u00a0 W \u015bwi\u0119tokrzyskich g\u00f3r enklawie dzia\u0142a\u0142a kiedy\u015b pi\u0119kna szko\u0142a o nie tylko regionalnej, kieleckiej ale i narodowej s\u0142awie. Ten monolog m\u00f3wi o \u015bredniej szkole o nazwie \"Geolog\". Jego historia wiele lat si\u0119ga, to prawdziwa edukacyjna pot\u0119ga, technicy wiertnicy, p\u00f3\u017aniejsi in\u017cynierowie, uczelnie\u2026","rel":"","context":"Podobny wpis","block_context":{"text":"Podobny wpis","link":""},"img":{"alt_text":"","src":"https:\/\/i0.wp.com\/satg.pl\/geolog\/wp-content\/uploads\/2023\/06\/Ryszard-Kielek-150x150.jpg?resize=350%2C200","width":350,"height":200},"classes":[]},{"id":128,"url":"https:\/\/satg.pl\/geolog\/teksty\/piesnipiosenki\/","url_meta":{"origin":617,"position":1},"title":"PIE\u015aNI\/PIOSENKI","author":"Garapozales","date":"2010-11-03","format":false,"excerpt":"Hymn g\u00f3rniczy [audio: Gorniczy stan.mp3] Hello World! G\u00f3rniczy Stan niech nam \u017cyje Niech \u017cyje nam G\u00f3rniczy Stan, Bo cho\u0107 przed nami dzienne \u015bwiat\u0142o kryje To\u0107 dla ojczyzny trud ten jest nam dan Bo\u0107 synowi podziemnych czarnych \u015bwiat\u00f3w Ka\u017cdy ch\u0119tnie poda sw\u0105 d\u0142o\u0144\/(bis) Niech \u017cyje nam G\u00f3rniczy Stan G\u00f3rniczy Stan niech\u2026","rel":"","context":"Podobny wpis","block_context":{"text":"Podobny wpis","link":""},"img":{"alt_text":"","src":"","width":0,"height":0},"classes":[]},{"id":1626,"url":"https:\/\/satg.pl\/geolog\/teksty\/wspomnienia\/","url_meta":{"origin":617,"position":2},"title":"WSPOMNIENIA","author":"Garapozales","date":"2013-06-21","format":false,"excerpt":"O UCZNIACH, KT\u00d3RZY KOCHALI SWOJ\u0104 SZKO\u0141\u0118 CZYLI FENOMEN TECHNIKUM GEOLOGICZNEGO W KIELCACH NAPISANE PRZEZ; ZOFIA T. KRAMER (PAWLIK), matura 1983 D\u0142ugo my\u015bla\u0142am co powinnam napisa\u0107, aby przekaza\u0107 moje wspomnienia z pi\u0119ciu fantastycznych lat \u017cycia i nikogo nie pomin\u0105\u0107, dlatego nikogo nie wymieniam tu z imienia i nazwiska. Ci, kt\u00f3rzy byli\u2026","rel":"","context":"Podobny wpis","block_context":{"text":"Podobny wpis","link":""},"img":{"alt_text":"","src":"","width":0,"height":0},"classes":[]}],"jetpack_likes_enabled":true,"_links":{"self":[{"href":"https:\/\/satg.pl\/geolog\/wp-json\/wp\/v2\/pages\/617","targetHints":{"allow":["GET"]}}],"collection":[{"href":"https:\/\/satg.pl\/geolog\/wp-json\/wp\/v2\/pages"}],"about":[{"href":"https:\/\/satg.pl\/geolog\/wp-json\/wp\/v2\/types\/page"}],"author":[{"embeddable":true,"href":"https:\/\/satg.pl\/geolog\/wp-json\/wp\/v2\/users\/1"}],"replies":[{"embeddable":true,"href":"https:\/\/satg.pl\/geolog\/wp-json\/wp\/v2\/comments?post=617"}],"version-history":[{"count":0,"href":"https:\/\/satg.pl\/geolog\/wp-json\/wp\/v2\/pages\/617\/revisions"}],"wp:attachment":[{"href":"https:\/\/satg.pl\/geolog\/wp-json\/wp\/v2\/media?parent=617"}],"curies":[{"name":"wp","href":"https:\/\/api.w.org\/{rel}","templated":true}]}}