{"id":22394,"date":"2025-03-02T10:50:35","date_gmt":"2025-03-02T09:50:35","guid":{"rendered":"https:\/\/satg.pl\/geolog\/?page_id=22394"},"modified":"2025-03-02T10:59:29","modified_gmt":"2025-03-02T09:59:29","slug":"kronika-kola-pttk-przy-ig-w-kielcach","status":"publish","type":"page","link":"https:\/\/satg.pl\/geolog\/kroniki\/kronika-kola-pttk-przy-ig-w-kielcach\/","title":{"rendered":"kronika ko\u0142a PTTK przy IG w Kielcach"},"content":{"rendered":"<div class=\"wp-booklet-container-light wp-booklet-69f683f1e9e13-container\">\r\n\t<div class=\"wp-booklet-light wp-booklet wp-booklet-69f683f1e9e13\">\r\n\t\t\t\t\t<div class=\"page\" data-page=\"0\">\r\n\t\t\t\t\r\n\t\t\t\t\t\t\t\t\t\r\n\t\t\t\t\t\t\t\t\t\r\n\t\t\t\t\t\t\r\n\t\t\t\t\t\t<img decoding=\"async\" src=\"https:\/\/i0.wp.com\/satg.pl\/geolog\/wp-content\/uploads\/2025\/03\/Kolo-PTTK-IG-Kielce_22.png?fit=724%2C1024&ssl=1\" alt=\"https:\/\/i0.wp.com\/satg.pl\/geolog\/wp-content\/uploads\/2025\/03\/Kolo-PTTK-IG-Kielce_22.png?fit=724%2C1024&ssl=1\"\/>\r\n\t\t\t\t\t\t\r\n\t\t\t\t\r\n\t\t\t\t\t\t\t\t\r\n\t\t\t\r\n\t\t\t<\/div>\r\n\t\t\t<\/div>\r\n\t<\/div>\r\n\r\n\r\n<script data-jetpack-boost=\"ignore\" type=\"text\/javascript\">\r\n\tjQuery(document).ready( function() {\r\n\t\t\r\n\t\tvar bookletContainer = jQuery(\".wp-booklet-69f683f1e9e13-container\");\r\n\t\t \r\n\t\tbookletContainer.wpBookletExtended({\r\n\t\t\twidth:6733,\r\n\t\t\theight:9523,\r\n\t\t\tpadding:10,\r\n\t\t\tspeed:1000,\r\n\t\t\tdirection:'LTR',\r\n\t\t\tdelay:15000,\r\n\t\t\tpopupsEnabled:false,\r\n\t\t\tthumbnailsEnabled:false,\r\n\t\t\tarrowsEnabled:true,\r\n\t\t\tpageNumbersEnabled:true,\r\n\t\t\tbookletMargin:45,\r\n\t\t\tthumbnailsContainerMargin:11,\r\n\t\t\tcoverBehavior:\"closed\"\r\n\t\t});\r\n\r\n\t});\r\n<\/script>\r\n\n","protected":false},"excerpt":{"rendered":"<p class=\"continue-reading-button\"> <a class=\"continue-reading-link\" href=\"https:\/\/satg.pl\/geolog\/kroniki\/kronika-kola-pttk-przy-ig-w-kielcach\/\">Czytaj dalej<i class=\"crycon-right-dir\"><\/i><\/a><\/p>\n","protected":false},"author":1,"featured_media":0,"parent":447,"menu_order":0,"comment_status":"closed","ping_status":"closed","template":"templates\/template-onecolumn.php","meta":{"ngg_post_thumbnail":0,"jetpack_post_was_ever_published":false,"footnotes":""},"class_list":["post-22394","page","type-page","status-publish","hentry"],"jetpack_sharing_enabled":true,"jetpack_shortlink":"https:\/\/wp.me\/P7jPbe-5Pc","jetpack-related-posts":[{"id":440,"url":"https:\/\/satg.pl\/geolog\/kroniki\/kronika-pierwsza\/","url_meta":{"origin":22394,"position":0},"title":"KRONiKA PiERWSZA","author":"Garapozales","date":"2011-01-09","format":false,"excerpt":"","rel":"","context":"Podobny wpis","block_context":{"text":"Podobny wpis","link":""},"img":{"alt_text":"","src":"","width":0,"height":0},"classes":[]},{"id":544,"url":"https:\/\/satg.pl\/geolog\/kroniki\/kronika-druga\/","url_meta":{"origin":22394,"position":1},"title":"KRONiKA DRUGA","author":"Garapozales","date":"2011-05-12","format":false,"excerpt":"","rel":"","context":"Podobny wpis","block_context":{"text":"Podobny wpis","link":""},"img":{"alt_text":"","src":"","width":0,"height":0},"classes":[]},{"id":1069,"url":"https:\/\/satg.pl\/geolog\/kroniki\/kronika-trzecia\/","url_meta":{"origin":22394,"position":2},"title":"KRONiKA TRZECiA","author":"Garapozales","date":"2012-02-23","format":false,"excerpt":"","rel":"","context":"Z 1 komentarzem","block_context":{"text":"Z 1 komentarzem","link":"https:\/\/satg.pl\/geolog\/kroniki\/kronika-trzecia\/#comments"},"img":{"alt_text":"","src":"","width":0,"height":0},"classes":[]},{"id":1453,"url":"https:\/\/satg.pl\/geolog\/kroniki\/kronika-czwarta\/","url_meta":{"origin":22394,"position":3},"title":"KRONiKA CZWARTA","author":"Marzena Bakalarz-Doropowicz","date":"2013-01-30","format":false,"excerpt":"","rel":"","context":"Podobny wpis","block_context":{"text":"Podobny wpis","link":""},"img":{"alt_text":"","src":"","width":0,"height":0},"classes":[]},{"id":22399,"url":"https:\/\/satg.pl\/geolog\/kroniki\/kronika-gagaty-nr-3\/","url_meta":{"origin":22394,"position":4},"title":"Kronika GAGATY nr 3","author":"Garapozales","date":"2025-03-02","format":false,"excerpt":"","rel":"","context":"Podobny wpis","block_context":{"text":"Podobny wpis","link":""},"img":{"alt_text":"","src":"","width":0,"height":0},"classes":[]},{"id":9,"url":"https:\/\/satg.pl\/geolog\/historia\/","url_meta":{"origin":22394,"position":5},"title":"HISTORIA","author":"Garapozales","date":"2010-10-30","format":false,"excerpt":"Historia TG \u00a0 Technikum Geologiczne w Kielcach powsta\u0142o w 1953 r. na mocy zarz\u0105dzenia z dnia 28 lutego 1953\u00a0r. nr IV-05b\/30 wydanego przez Centralny Urz\u0105d Geologii w Warszawie. W roku szkolnym 1953\/54 by\u0142a jedna czterdziestoosobowa klasa wydzia\u0142u laboratoryjnego z\u00a0jednym nauczycielem etatowym, wychowawczyni\u0105 klasy by\u0142a mgr Maria Zatorska. Pierwszym dyrektorem szko\u0142y\u2026","rel":"","context":"Podobny wpis","block_context":{"text":"Podobny wpis","link":""},"img":{"alt_text":"","src":"","width":0,"height":0},"classes":[]}],"jetpack_likes_enabled":true,"_links":{"self":[{"href":"https:\/\/satg.pl\/geolog\/wp-json\/wp\/v2\/pages\/22394","targetHints":{"allow":["GET"]}}],"collection":[{"href":"https:\/\/satg.pl\/geolog\/wp-json\/wp\/v2\/pages"}],"about":[{"href":"https:\/\/satg.pl\/geolog\/wp-json\/wp\/v2\/types\/page"}],"author":[{"embeddable":true,"href":"https:\/\/satg.pl\/geolog\/wp-json\/wp\/v2\/users\/1"}],"replies":[{"embeddable":true,"href":"https:\/\/satg.pl\/geolog\/wp-json\/wp\/v2\/comments?post=22394"}],"version-history":[{"count":1,"href":"https:\/\/satg.pl\/geolog\/wp-json\/wp\/v2\/pages\/22394\/revisions"}],"predecessor-version":[{"id":22395,"href":"https:\/\/satg.pl\/geolog\/wp-json\/wp\/v2\/pages\/22394\/revisions\/22395"}],"up":[{"embeddable":true,"href":"https:\/\/satg.pl\/geolog\/wp-json\/wp\/v2\/pages\/447"}],"wp:attachment":[{"href":"https:\/\/satg.pl\/geolog\/wp-json\/wp\/v2\/media?parent=22394"}],"curies":[{"name":"wp","href":"https:\/\/api.w.org\/{rel}","templated":true}]}}