{"id":196,"date":"2010-11-06T10:55:09","date_gmt":"2010-11-06T09:55:09","guid":{"rendered":"http:\/\/www.satg.pl\/wordpress\/"},"modified":"2023-07-02T20:41:05","modified_gmt":"2023-07-02T18:41:05","slug":"2001-2005","status":"publish","type":"page","link":"https:\/\/satg.pl\/geolog\/spis-absolwentow\/2001-2005\/","title":{"rendered":"2001-2005"},"content":{"rendered":"<p>ROCZNIK 2001<\/p>\n<p>Wychowawca \u2013 Halina BAKALARZ<\/p>\n<ol>\n<li>BARCHAN Magdalena<\/li>\n<li>BARTCZAK Jaros\u0142aw<\/li>\n<li>BOJARSKA Barbara<\/li>\n<li>D\u0104BROWSKA Sylwia<\/li>\n<li>DOMAGA\u0141A Konrad<\/li>\n<li>FRONCZYK Rafa\u0142<\/li>\n<li>GRUDZIE\u0143 Paulina<\/li>\n<li>HABA \u0141ukasz<\/li>\n<li>KARBOWNIK Agnieszka<\/li>\n<li>KOZERA Micha\u0142<\/li>\n<li>KOZ\u0141OWSKA Magdalena<\/li>\n<li>KR\u00d3L Hubert<\/li>\n<li>KURKIEWICZ-D\u0105BROWSKA<\/li>\n<li>LASOTA Sylwia<\/li>\n<li>LUDWINEK \u0141ukasz<\/li>\n<li>MARKOWSKI Dawid<\/li>\n<li>MR\u00d3Z S\u0142awomir<\/li>\n<li>PELA \u0141ukasz<\/li>\n<li>PI\u0104TEK Marcin<\/li>\n<li>PIERZAK Pawe?<\/li>\n<li>SALTARSKA Anna<\/li>\n<li>STACHURA Magdalena<\/li>\n<li>W\u00d3JCIK Anna<\/li>\n<li>W\u00d3JCIK Eliza<\/li>\n<\/ol>\n<p>ROCZNIK 2002<\/p>\n<p>Wychowawca \u2013 Piort KOTLARSKI<\/p>\n<ol>\n<li>BIELEWICZ Micha\u0142<\/li>\n<li>CZARNECKI Ernest<\/li>\n<li>GARBACZEWSKI Marian<\/li>\n<li>KACZOR Adam<\/li>\n<li>KIELESI\u0143SKA Magdalena<\/li>\n<li>K\u0141\u0118BEK \u0141ukasz<\/li>\n<li>KOZ?OWSKA Ewelina<\/li>\n<li>KUSZTAL Micha?<\/li>\n<li>KUTA \u0141ukasz<\/li>\n<li>LITKE Agnieszka<\/li>\n<li>MIKO\u0141AJCZYK Grzegorz<\/li>\n<li>PI\u00d3RO Tomasz<\/li>\n<li>PYCZEK Andrzej<\/li>\n<li>RUTKOWSKA Olga<\/li>\n<li>RUTKOWSKA Sylwia<\/li>\n<li>SKRZYNIARZ \u2013 PODSIAD\u0141O Dorota<\/li>\n<li>SR\u00d3\u017bYK Justyna<\/li>\n<li>WRZO\u0141KA Katarzyna<\/li>\n<li>ZIELONKA Agnieszka<\/li>\n<li>ZN\u00d3J Grzegorz<\/li>\n<\/ol>\n<p>ROCZNIK 2003<\/p>\n<p>Wychowawca \u2013 Katarzyna KR\u0104KOWSKA<\/p>\n<ol>\n<li>ADAMCZYK Anna<\/li>\n<li>BANASIK Marcin<\/li>\n<li>BARTOSZ Cezary<\/li>\n<li>BARYCKI Dawid<\/li>\n<li>BARYS Micha\u0142<\/li>\n<li>B\u0141ASZCZYK Dorota<\/li>\n<li>BUGAJSKI Arkadiusz<\/li>\n<li>BULANOWSKI Karol<\/li>\n<li>CYBULSKI Bartosz<\/li>\n<li>GAWRON Pawe\u0142<\/li>\n<li>GRUDZIE\u0143 Hubert<\/li>\n<li>HAJDUK Szymon<\/li>\n<li>JAB\u0141O\u0143SKI Piotr<\/li>\n<li>KLUSEK Grzegorz<\/li>\n<li>KOBYLI\u0143SKA Katarzyna<\/li>\n<li>KOWALIK Piotr<\/li>\n<li>MIELNICZUK Mateusz<\/li>\n<li>MR\u00d3Z Micha\u0142<\/li>\n<li>REJNOWICZ Pawe\u0142<\/li>\n<li>RZEPA Agnieszka<\/li>\n<li>SALAWA Maksymilian<\/li>\n<li>SIKORA Pawe\u0142<\/li>\n<li>SM\u0118TKOWSKA Zuzanna<\/li>\n<li>SZCZEPANIAK Sylwia<\/li>\n<li>W\u00d3JCIK Ilona<\/li>\n<li>W\u00d3JCIK \u0141ukasz<\/li>\n<li>WOJTOWICZ Katarzyna<\/li>\n<li>WYPYCH Micha\u0142<\/li>\n<li>ZIELI\u0143SKA Karolina<\/li>\n<li>\u017bARNOWIEC Eliza<\/li>\n<\/ol>\n<p>Roczniki 2004-2005 \u2013 osoby ucz\u0119szczaj\u0105ce do szko\u0142y w 2003 roku<\/p>\n<p>ROCZNIK 2004<\/p>\n<p>Wychowawca \u2013 El?bieta RELIGA<\/p>\n<ol>\n<li>BANA\u015a Agnieszka<\/li>\n<li>BRZOZA Sebastian<\/li>\n<li>CYGAN Daria<\/li>\n<li>DZIEWI\u0118CKI B\u0142a\u017cej<\/li>\n<li>F\u0104FARA Wojciech<\/li>\n<li>GA\u0141A Monika<\/li>\n<li>G\u0118BSKA Magdalena<\/li>\n<li>GO\u0141UCHOWSKA Karolina<\/li>\n<li>GRUSZKA Ewa<\/li>\n<li>KALETA Kamila<\/li>\n<li>K\u0118CKI Artur<\/li>\n<li>KWIETNIEWSKI Damian<\/li>\n<li>LASA Angelika<\/li>\n<li>LISZKIEWICZ Erwin<\/li>\n<li>MARSZA\u0141EK Artur<\/li>\n<li>MARUSZAK Marcin<\/li>\n<li>MILCARZ Dagmara<\/li>\n<li>OLEJNIK Ernest<\/li>\n<li>O\u0141UBIEC Ewelina<\/li>\n<li>P\u0104CZKOWSKA Magdalena<\/li>\n<li>PIECYK Szymon<\/li>\n<li>PINDA Pawe\u0142<\/li>\n<li>PORADA Magdalena<\/li>\n<li>RADOMSKI Pawe\u0142<\/li>\n<li>RETMA\u0143SKI Artur<\/li>\n<li>TATAR Agnieszka<\/li>\n<li>SAMERDAK Rafa\u0142<\/li>\n<li>SKUZA Ewelina<\/li>\n<li>STACHURA Jaros\u0142aw<\/li>\n<li>STASZEWSKI Karol<\/li>\n<li>SZCZEPA\u0143CZYK Micha\u0142<\/li>\n<li>\u015aMIETANA Przemys\u0142aw<\/li>\n<li>ZIELI\u0143SKI Grzegorz<\/li>\n<li>ZIELONKA Grzegorz<\/li>\n<\/ol>\n<p>ROCZNIK 2005<\/p>\n<p>Wychowawca \u2013 Beata TOBOROWICZ<\/p>\n<ol>\n<li>B\u0141ASZCZYK Krzysztof<\/li>\n<li>CHORODY\u0143SKI Rafa\u0142<\/li>\n<li>DZIEWI\u0118CKI Piotr<\/li>\n<li>FORY\u0141 Iwona<\/li>\n<li>GAWIOR Ilona<\/li>\n<li>G\u00d3RECKA Dominika<\/li>\n<li>JU\u0141KIEWICZ Luiza<\/li>\n<li>KAMI\u0143SKA Agnieszka<\/li>\n<li>KOSTUR Barbara<\/li>\n<li>KOSTUR Renata<\/li>\n<li>KWIECIE\u0143 Norbert<\/li>\n<li>NADZIEJA Marcin<\/li>\n<li>PI\u0118TA Mateusz<\/li>\n<li>PIWOWARCZYK Filip<\/li>\n<li>SALETRA Krzysztof<\/li>\n<li>SALWA Barbara<\/li>\n<li>SOSNOWSKI Arkadiusz<\/li>\n<li>STR\u00d3\u017bYK Dominik<\/li>\n<li>SURMA Ewa<\/li>\n<li>TOPOREK Milena<\/li>\n<li>WI\u0104CEK Mariusz<\/li>\n<li>ZN\u00d3J Marcin<\/li>\n<\/ol>\n","protected":false},"excerpt":{"rendered":"<p>ROCZNIK 2001 Wychowawca \u2013 Halina BAKALARZ BARCHAN Magdalena BARTCZAK Jaros\u0142aw BOJARSKA Barbara D\u0104BROWSKA Sylwia DOMAGA\u0141A Konrad FRONCZYK Rafa\u0142 GRUDZIE\u0143 Paulina HABA \u0141ukasz KARBOWNIK Agnieszka KOZERA Micha\u0142 KOZ\u0141OWSKA Magdalena KR\u00d3L Hubert KURKIEWICZ-D\u0105BROWSKA LASOTA Sylwia LUDWINEK \u0141ukasz MARKOWSKI Dawid MR\u00d3Z S\u0142awomir PELA \u0141ukasz PI\u0104TEK Marcin PIERZAK Pawe? SALTARSKA Anna STACHURA Magdalena W\u00d3JCIK\u2026<\/p>\n<p class=\"continue-reading-button\"> <a class=\"continue-reading-link\" href=\"https:\/\/satg.pl\/geolog\/spis-absolwentow\/2001-2005\/\">Czytaj dalej<i class=\"crycon-right-dir\"><\/i><\/a><\/p>\n","protected":false},"author":1,"featured_media":0,"parent":143,"menu_order":0,"comment_status":"closed","ping_status":"closed","template":"","meta":{"ngg_post_thumbnail":0,"jetpack_post_was_ever_published":false,"footnotes":""},"class_list":["post-196","page","type-page","status-publish","hentry"],"jetpack_sharing_enabled":true,"jetpack_shortlink":"https:\/\/wp.me\/P7jPbe-3a","jetpack-related-posts":[{"id":194,"url":"https:\/\/satg.pl\/geolog\/spis-absolwentow\/1991-2000\/","url_meta":{"origin":196,"position":0},"title":"1991-2000","author":"Garapozales","date":"2010-11-06","format":false,"excerpt":"ROCZNIK 1991 Wychowawca - Barbara SO\u0141OWOW ADAMEJ Jaros\u0142aw BOROWSKI Pawe\u0142 BIESZCZAD Artur CHRU\u015aCIEL Pawe\u0142 DREZNO Wojciech JAB\u0141O\u0143SKI S\u0142awomir KORBAN Marek KOWALSKI Piotr KOZUBEK Grzegorz LEWICKI Jaros\u0142aw MARKOWSKI Damian MAZUR Miros\u0142aw NIEBUDEK Dariusz PAJ\u0104K Adam RADEK Zbigniew SOCHA Mariusz W\u0104SIK Piotr WRONA Marcin Wychowawca - Krystyna LIPSKA AUGUSTYN Jacek BARTNIK Marcin\u2026","rel":"","context":"Podobny wpis","block_context":{"text":"Podobny wpis","link":""},"img":{"alt_text":"","src":"","width":0,"height":0},"classes":[]},{"id":190,"url":"https:\/\/satg.pl\/geolog\/spis-absolwentow\/1981-1990\/","url_meta":{"origin":196,"position":1},"title":"1981-1990","author":"Garapozales","date":"2010-11-06","format":false,"excerpt":"ROCZNIK 1981 Wychowawca - Stanis\u0142aw LISOWICZ - Jolanta SZAJN ADAMCZYK Miros\u0142aw BAJOROWICZ Marian BARTNIK S\u0142awomir JA\u0141OCHA Bogus\u0142aw K\u0118DZIORA Wojciech KIELI\u015a Miros\u0142aw KLIMA Zbigniew KOWALSKI Wojciech KUNDERA Wies\u0142aw MIKO\u0141AJCZYK Jaros\u0142aw MIODOWSKI Andrzej ORSZULAK Andrzej PIETRUCH Tomasz PIETRZYKOWSKI Janusz PONIEWIERSKI Jan RECZY\u0143SKI Krzysztof SKOWERA Arkadiusz SROKA Jacek SZUFLIK Jan \u015aLUSAREK Krzysztof TARKA\u2026","rel":"","context":"Podobny wpis","block_context":{"text":"Podobny wpis","link":""},"img":{"alt_text":"","src":"","width":0,"height":0},"classes":[]},{"id":188,"url":"https:\/\/satg.pl\/geolog\/spis-absolwentow\/1971-1980\/","url_meta":{"origin":196,"position":2},"title":"1971-1980","author":"Garapozales","date":"2010-11-06","format":false,"excerpt":"ROCZNIK 1971 Wychowawca - Teodozja POJAWSKA BARUCHA Andrzej BIESAGA Ryszard BORKOWSKI Jerzy BUCZEK Krzysztof BUCZEK Miros\u0142aw DOMI\u0143CZAK J\u00f3zef DUSZA Bogdan FELISEK Ryszard GOLDA Czes\u0142aw KOBIEC J\u00f3zef KOBY\u0141KA Jerzy KOSIOR Henryk KOZERA Adam KULIKOWSKI Kazimierz \u0141AB\u0104D\u0179 Henryk MAREK Zbigniew MO\u0106KO Stanis\u0142aw MO\u0141DA Krzysztof NAWARA Tadeusz SEREMAK Fryderyk SOLECKI Antoni TOMICKI Marek\u2026","rel":"","context":"Podobny wpis","block_context":{"text":"Podobny wpis","link":""},"img":{"alt_text":"","src":"","width":0,"height":0},"classes":[]},{"id":186,"url":"https:\/\/satg.pl\/geolog\/spis-absolwentow\/1961-1970\/","url_meta":{"origin":196,"position":3},"title":"1961-1970","author":"Garapozales","date":"2010-11-06","format":false,"excerpt":"ROCZNIK 1961 Wychowawca - Eugeniusz SENKIEWICZ BIA\u0141OGO\u0143SKI Piotr DENKOWSKI Wies\u0142aw G\u0104SIOR Marcin GONCIARZ Czes\u0142aw GRZYBOWSKI Ryszard KOCHANOWSKI Edward KURPI\u0143SKI Zdzis\u0142aw MAJCHER Jan MALCZYK Jan MASTALERZ Edward MIKUS Janusz NOWACKI Rafa\u0142 OCZKO Jacek STARZOWSKI J\u00f3zef WRONA Jerzy Wychowawca - Teodozja POJAWSKA. BILSKI Stanis\u0142aw BURZY\u0143SKI Waldemar CHRZANOWSKI Jerzy CHYREK Bogus\u0142aw CIEPLUCH Sylwester\u2026","rel":"","context":"Podobny wpis","block_context":{"text":"Podobny wpis","link":""},"img":{"alt_text":"","src":"","width":0,"height":0},"classes":[]},{"id":180,"url":"https:\/\/satg.pl\/geolog\/spis-absolwentow\/1957-1960\/","url_meta":{"origin":196,"position":4},"title":"1957-1960","author":"Garapozales","date":"2010-11-06","format":false,"excerpt":"ROCZNIK 1957 Wychowawca - Maria ZATORSKA DZIURA Stanis\u0142aw GATKOWSKI Zbigniew G\u0141\u0104B Eugenia GRABOWSKI Pawet HELI\u0143SKI Zdzis\u0142aw HOLA Maria JANKOWSKA Jadwiga KANIA Zofia KRAKOWIAK Roman KRYZA Krystyna KRZY\u017bANOWSKA Berta KUMOR Anna LUDWISIAK Wies\u0142awa MALICKA J\u00f3zefa NOCU\u0143 Bogdan PAJ\u0104K Marian PAPROS Jan PASO\u0143 Stanis\u0142awa P\u0141OWIE\u0106 Teresa PREDOTKA J\u00f3zefa SAPA Danuta SIEMIENIEC Augustyn\u2026","rel":"","context":"Podobny wpis","block_context":{"text":"Podobny wpis","link":""},"img":{"alt_text":"","src":"","width":0,"height":0},"classes":[]},{"id":255,"url":"https:\/\/satg.pl\/geolog\/spis-absolwentow\/nauczyciele\/","url_meta":{"origin":196,"position":5},"title":"NAUCZYCIELE","author":"Garapozales","date":"2010-11-09","format":false,"excerpt":"Dyrektorzy szko\u0142y Ignacy Nesterowicz Jan Rafa\u0142 Kami\u0144ski Marian Niemiec Wanda Marcinkow\u00adska Czes\u0142aw Jaroszewski Mieczys\u0142aw Krzosa W\u0142odzimierz Talik Tadeusz Mertyna Zast\u0119pcy dyrektora Eugeniusz Senkowicz Marian Niemiec Ryszard Zieli\u0144ski Wanda Marcinkowska Stanis\u0142aw Kozie\u0142 Kazimierz Bogda\u0144ski Zenon Wo\u017aniak Jolanta Szajn Wychowawcy klas Halina Baka\u0142arz 1984, 1988 Kazimierz Bogda\u0144ski, 1970, 1978 Zbigniew Cygan 1959\u2026","rel":"","context":"Podobny wpis","block_context":{"text":"Podobny wpis","link":""},"img":{"alt_text":"","src":"","width":0,"height":0},"classes":[]}],"jetpack_likes_enabled":true,"_links":{"self":[{"href":"https:\/\/satg.pl\/geolog\/wp-json\/wp\/v2\/pages\/196","targetHints":{"allow":["GET"]}}],"collection":[{"href":"https:\/\/satg.pl\/geolog\/wp-json\/wp\/v2\/pages"}],"about":[{"href":"https:\/\/satg.pl\/geolog\/wp-json\/wp\/v2\/types\/page"}],"author":[{"embeddable":true,"href":"https:\/\/satg.pl\/geolog\/wp-json\/wp\/v2\/users\/1"}],"replies":[{"embeddable":true,"href":"https:\/\/satg.pl\/geolog\/wp-json\/wp\/v2\/comments?post=196"}],"version-history":[{"count":1,"href":"https:\/\/satg.pl\/geolog\/wp-json\/wp\/v2\/pages\/196\/revisions"}],"predecessor-version":[{"id":21918,"href":"https:\/\/satg.pl\/geolog\/wp-json\/wp\/v2\/pages\/196\/revisions\/21918"}],"up":[{"embeddable":true,"href":"https:\/\/satg.pl\/geolog\/wp-json\/wp\/v2\/pages\/143"}],"wp:attachment":[{"href":"https:\/\/satg.pl\/geolog\/wp-json\/wp\/v2\/media?parent=196"}],"curies":[{"name":"wp","href":"https:\/\/api.w.org\/{rel}","templated":true}]}}