{"id":19205,"date":"2016-03-28T21:09:14","date_gmt":"2016-03-28T19:09:14","guid":{"rendered":"http:\/\/satg.pl\/geolog\/?page_id=19205"},"modified":"2016-03-28T21:14:06","modified_gmt":"2016-03-28T19:14:06","slug":"symbole","status":"publish","type":"page","link":"https:\/\/satg.pl\/geolog\/fotografie\/symbole\/","title":{"rendered":"SYMBOLE"},"content":{"rendered":"<p>\t<div class=\"ngg-albumoverview default-view\">\n\t\t\t\t\t<div class=\"ngg-album-compact\">\n\t\t\t\t<div class=\"ngg-album-compactbox\">\n\t\t\t\t\t<div class=\"ngg-album-link\">\n\t\t\t\t\t\t\t\t\t\t\t\t\t\t\t\t\t\t\t\t\t<a title='Biuletyn 50 lat Geologa' href='https:\/\/satg.pl\/geolog\/fotografie\/symbole\/nggallery\/symbole\/biuletyn-50-lat-geologa'>\n\t\t\t\t\t\t\t\t\t<img class=\"Thumb\"\n\t\t\t\t\t\t\t\t\t\talt=\"Biuletyn 50 lat Geologa\"\n\t\t\t\t\t\t\t\t\t\tsrc=\"https:\/\/satg.pl\/geolog\/wp-content\/gallery\/biuletyn-50-lat-geologa\/cache\/1.jpg-nggid042052-ngg0dyn-300x200x100-00f0w010c010r110f110r010t010.jpg?t=1579971720\"\/>\n\t\t\t\t\t\t\t\t<\/a>\n\t\t\t\t\t\t\t\t\t\t\t\t\t\t\t\t\t\t<\/div>\n\t\t\t\t<\/div>\n\t\t\t\t\t\t\t\t<h4>\n\t\t\t\t\t<a class='ngg-album-desc'\n\t\t\t\t\ttitle='Biuletyn 50 lat Geologa' href='https:\/\/satg.pl\/geolog\/fotografie\/symbole\/nggallery\/symbole\/biuletyn-50-lat-geologa'style=\"max-width: 320px\"\t\t\t\t\t>\n\t\t\t\t\t\tBiuletyn 50 lat Geologa\t\t\t\t\t<\/a>\n\t\t\t\t<\/h4>\n\t\t\t\t<p class=\"ngg-album-gallery-image-counter\">\n\t\t\t\t\t\t\t\t\t\t\t<strong>209<\/strong>&nbsp;Zdj\u0119\u0107\t\t\t\t\t\t\t\t\t<\/p>\n\t\t\t<\/div>\n\t\t\t\t\t<div class=\"ngg-album-compact\">\n\t\t\t\t<div class=\"ngg-album-compactbox\">\n\t\t\t\t\t<div class=\"ngg-album-link\">\n\t\t\t\t\t\t\t\t\t\t\t\t\t\t\t\t\t\t\t\t\t<a title='Symbole' href='https:\/\/satg.pl\/geolog\/fotografie\/symbole\/nggallery\/symbole\/symbole'>\n\t\t\t\t\t\t\t\t\t<img class=\"Thumb\"\n\t\t\t\t\t\t\t\t\t\talt=\"Symbole\"\n\t\t\t\t\t\t\t\t\t\tsrc=\"https:\/\/satg.pl\/geolog\/wp-content\/gallery\/symbole\/cache\/czapka_geologa_ram.jpg-nggid042365-ngg0dyn-300x200x100-00f0w010c010r110f110r010t010.jpg?t=1571423423\"\/>\n\t\t\t\t\t\t\t\t<\/a>\n\t\t\t\t\t\t\t\t\t\t\t\t\t\t\t\t\t\t<\/div>\n\t\t\t\t<\/div>\n\t\t\t\t\t\t\t\t<h4>\n\t\t\t\t\t<a class='ngg-album-desc'\n\t\t\t\t\ttitle='Symbole' href='https:\/\/satg.pl\/geolog\/fotografie\/symbole\/nggallery\/symbole\/symbole'style=\"max-width: 320px\"\t\t\t\t\t>\n\t\t\t\t\t\tSymbole\t\t\t\t\t<\/a>\n\t\t\t\t<\/h4>\n\t\t\t\t<p class=\"ngg-album-gallery-image-counter\">\n\t\t\t\t\t\t\t\t\t\t\t<strong>10<\/strong>&nbsp;Zdj\u0119\u0107\t\t\t\t\t\t\t\t\t<\/p>\n\t\t\t<\/div>\n\t\t\t\t\t<div class=\"ngg-album-compact\">\n\t\t\t\t<div class=\"ngg-album-compactbox\">\n\t\t\t\t\t<div class=\"ngg-album-link\">\n\t\t\t\t\t\t\t\t\t\t\t\t\t\t\t\t\t\t\t\t\t<a title='Tablo' href='https:\/\/satg.pl\/geolog\/fotografie\/symbole\/nggallery\/symbole\/tablo'>\n\t\t\t\t\t\t\t\t\t<img class=\"Thumb\"\n\t\t\t\t\t\t\t\t\t\talt=\"Tablo\"\n\t\t\t\t\t\t\t\t\t\tsrc=\"https:\/\/satg.pl\/geolog\/wp-content\/gallery\/tablo\/cache\/tablo-1961.jpg-nggid042362-ngg0dyn-300x200x100-00f0w010c010r110f110r010t010.jpg?t=1570920264\"\/>\n\t\t\t\t\t\t\t\t<\/a>\n\t\t\t\t\t\t\t\t\t\t\t\t\t\t\t\t\t\t<\/div>\n\t\t\t\t<\/div>\n\t\t\t\t\t\t\t\t<h4>\n\t\t\t\t\t<a class='ngg-album-desc'\n\t\t\t\t\ttitle='Tablo' href='https:\/\/satg.pl\/geolog\/fotografie\/symbole\/nggallery\/symbole\/tablo'style=\"max-width: 320px\"\t\t\t\t\t>\n\t\t\t\t\t\tTablo\t\t\t\t\t<\/a>\n\t\t\t\t<\/h4>\n\t\t\t\t<p class=\"ngg-album-gallery-image-counter\">\n\t\t\t\t\t\t\t\t\t\t\t<strong>3<\/strong>&nbsp;Zdj\u0119\u0107\t\t\t\t\t\t\t\t\t<\/p>\n\t\t\t<\/div>\n\t\t\t\t<br class=\"ngg-clear\"\/>\n\t\t<div class='ngg-clear'><\/div>\t<\/div>\n<\/p>\n","protected":false},"excerpt":{"rendered":"<p>Biuletyn 50 lat Geologa 209&nbsp;Zdj\u0119\u0107 Symbole 10&nbsp;Zdj\u0119\u0107 Tablo 3&nbsp;Zdj\u0119\u0107<\/p>\n<p class=\"continue-reading-button\"> <a class=\"continue-reading-link\" href=\"https:\/\/satg.pl\/geolog\/fotografie\/symbole\/\">Czytaj dalej<i class=\"crycon-right-dir\"><\/i><\/a><\/p>\n","protected":false},"author":1,"featured_media":0,"parent":22,"menu_order":0,"comment_status":"closed","ping_status":"closed","template":"templates\/template-onecolumn.php","meta":{"ngg_post_thumbnail":0,"footnotes":""},"class_list":["post-19205","page","type-page","status-publish","hentry"],"jetpack_sharing_enabled":true,"jetpack_shortlink":"https:\/\/wp.me\/P7jPbe-4ZL","jetpack-related-posts":[],"jetpack_likes_enabled":true,"_links":{"self":[{"href":"https:\/\/satg.pl\/geolog\/wp-json\/wp\/v2\/pages\/19205","targetHints":{"allow":["GET"]}}],"collection":[{"href":"https:\/\/satg.pl\/geolog\/wp-json\/wp\/v2\/pages"}],"about":[{"href":"https:\/\/satg.pl\/geolog\/wp-json\/wp\/v2\/types\/page"}],"author":[{"embeddable":true,"href":"https:\/\/satg.pl\/geolog\/wp-json\/wp\/v2\/users\/1"}],"replies":[{"embeddable":true,"href":"https:\/\/satg.pl\/geolog\/wp-json\/wp\/v2\/comments?post=19205"}],"version-history":[{"count":2,"href":"https:\/\/satg.pl\/geolog\/wp-json\/wp\/v2\/pages\/19205\/revisions"}],"predecessor-version":[{"id":19212,"href":"https:\/\/satg.pl\/geolog\/wp-json\/wp\/v2\/pages\/19205\/revisions\/19212"}],"up":[{"embeddable":true,"href":"https:\/\/satg.pl\/geolog\/wp-json\/wp\/v2\/pages\/22"}],"wp:attachment":[{"href":"https:\/\/satg.pl\/geolog\/wp-json\/wp\/v2\/media?parent=19205"}],"curies":[{"name":"wp","href":"https:\/\/api.w.org\/{rel}","templated":true}]}}