{"id":190,"date":"2010-11-06T10:53:55","date_gmt":"2010-11-06T09:53:55","guid":{"rendered":"http:\/\/www.satg.pl\/wordpress\/"},"modified":"2023-07-02T20:39:11","modified_gmt":"2023-07-02T18:39:11","slug":"1981-1990","status":"publish","type":"page","link":"https:\/\/satg.pl\/geolog\/spis-absolwentow\/1981-1990\/","title":{"rendered":"1981-1990"},"content":{"rendered":"<p><a name=\"bookmark55\"><\/a> ROCZNIK 1981<\/p>\n<p>Wychowawca &#8211; Stanis\u0142aw LISOWICZ &#8211; Jolanta SZAJN<\/p>\n<ol>\n<li>ADAMCZYK Miros\u0142aw<\/li>\n<li>BAJOROWICZ Marian<\/li>\n<li>BARTNIK S\u0142awomir<\/li>\n<li>JA\u0141OCHA Bogus\u0142aw<\/li>\n<li>K\u0118DZIORA Wojciech<\/li>\n<li>KIELI\u015a Miros\u0142aw<\/li>\n<li>KLIMA Zbigniew<\/li>\n<li>KOWALSKI Wojciech<\/li>\n<li>KUNDERA Wies\u0142aw<\/li>\n<li>MIKO\u0141AJCZYK Jaros\u0142aw<\/li>\n<li>MIODOWSKI Andrzej<\/li>\n<li>ORSZULAK Andrzej<\/li>\n<li>PIETRUCH Tomasz<\/li>\n<li>PIETRZYKOWSKI Janusz<\/li>\n<li>PONIEWIERSKI Jan<\/li>\n<li>RECZY\u0143SKI Krzysztof<\/li>\n<li>SKOWERA Arkadiusz<\/li>\n<li>SROKA Jacek<\/li>\n<li>SZUFLIK Jan<\/li>\n<li>\u015aLUSAREK Krzysztof<\/li>\n<li>TARKA Andrzej<\/li>\n<li>TROJANOWSKI Tomasz<\/li>\n<li>TUL Jacek<\/li>\n<li>ZBYLUT Artur<\/li>\n<\/ol>\n<p>Wychowawca &#8211; El\u017cbieta RELIGA<\/p>\n<ol>\n<li>BIA\u0141A Janina<\/li>\n<li>BLUMA Dorota<\/li>\n<li>BUREK Gabriela<\/li>\n<li>CECOT Bo\u017cena<\/li>\n<li>DOMAGA\u0141A Jolanta<\/li>\n<li>JAGIE\u0141\u0141O Maria<\/li>\n<li>KRAWCZYK Dorota<\/li>\n<li>LECH Wies\u0142awa<\/li>\n<li>MATUSZEWSKA El\u017cbieta<\/li>\n<li>MAZUR Dorota<\/li>\n<li>MOLENDA Zofia<\/li>\n<li>RYCZEK W\u0142adys\u0142awa<\/li>\n<li>SZMIT Wies\u0142awa<\/li>\n<li>SZYMCZYK Ewa<\/li>\n<li>\u015aWIETLIK Barbara<\/li>\n<li>WIKTOR Halina<\/li>\n<li>W\u0141ODARCZYK Jolanta<\/li>\n<li>W\u00d3JCIK Barbara<\/li>\n<\/ol>\n<p><a name=\"bookmark57\"><\/a> ROCZNIK 1982<\/p>\n<p>Wychowawca -Tadeusz STAWIARZ<\/p>\n<ol>\n<li>BUCZKOWSKI Ryszard<\/li>\n<li>D\u0104BEK Jan<\/li>\n<li>GAWRO\u0143SKI Jaros\u0142aw<\/li>\n<li>GRYZ Mieczys\u0142aw<\/li>\n<li>G\u00d3RAL Marek<\/li>\n<li>G\u00d3RSKI Jacek<\/li>\n<li>HACHULSKI Jacek<\/li>\n<li>J\u00d3\u0179WIK S\u0142awomir<\/li>\n<li>KOTYNIA S\u0142awomir<\/li>\n<li>KOTWICA Miros\u0142aw<\/li>\n<li>KOZA Janusz<\/li>\n<li>KRAWIEC Krzysztof<\/li>\n<li>KR\u00d3LIK S\u0142awomir<\/li>\n<li>PRZEBIERACZ Edward<\/li>\n<li>PLASKOTA Tadeusz<\/li>\n<li>RDZANEK Stanis\u0142aw<\/li>\n<li>SATALECKI Miros\u0142aw<\/li>\n<li>WR\u00d3BEL Dariusz<\/li>\n<\/ol>\n<p>Wychowawcy &#8211; Teresa TASZEK (4 lata) Krystyna J\u00d3\u0179WIK (1 rok)<\/p>\n<ol>\n<li>BONTY\u0141OW Iwona<\/li>\n<li>BAJKOWSKI Grzegorz<\/li>\n<li>CYMBALAK Anna<\/li>\n<li>\u0106WIEK Artur<\/li>\n<li>DOBURZY\u0143SKI Jerzy<\/li>\n<li>GAJEWSKI Jaros\u0142aw<\/li>\n<li>GROCHOWSKI Krzysztof<\/li>\n<li>GRYZ Mieczys\u0142aw<\/li>\n<li>GWARDYS Alicja<\/li>\n<li>INGIELEWICZ Miros\u0142aw<\/li>\n<li>JAB\u0141O\u0143SKA Ewa<\/li>\n<li>KOCELA Ireneusz<\/li>\n<li>KORUS Anna<\/li>\n<li>KOTKOWSKA Anna<\/li>\n<li>KOZERA Olga<\/li>\n<li>\u0141ODEJ Bo\u017cena<\/li>\n<li>MAZUR Mariola<\/li>\n<li>M\u0141ODAWSKA Emilia<\/li>\n<li>OGONOWSKA Teresa<\/li>\n<li>PACHULSKA Ma\u0142gorzata<\/li>\n<li>RACHUNA Ryszard<\/li>\n<li>SALWA Bo\u017cena<\/li>\n<li>STEFA\u0143SKA Renata<\/li>\n<li>SYSKA Ewa<\/li>\n<li>SZYMCZYK Alicja<\/li>\n<li>WASIAK Kazimiera<\/li>\n<li>\u017bY\u0141A Zofia<\/li>\n<\/ol>\n<p><a name=\"bookmark58\"><\/a> ROCZNIK 1983<\/p>\n<p>Wychowawca &#8211; Cecylia RYNIO<\/p>\n<ol>\n<li>DUDZIK W\u0142odzimierz<\/li>\n<li>G\u00d3RA Jerzy<\/li>\n<li>G\u00d3RSKI Mieczys\u0142aw<\/li>\n<li>JELONEK Arkadiusz<\/li>\n<li>KARKOCHA Janusz<\/li>\n<li>KUD\u0141A Piotr<\/li>\n<li>LIZON Jan<\/li>\n<li>\u0141ATA Bogdan<\/li>\n<li>PETRUS Andrzej<\/li>\n<li>PIERZCHA\u0141A Andrzej<\/li>\n<li>PUCI\u0143SKI Marek<\/li>\n<li>STA\u0143CZYK Jerzy<\/li>\n<li>STEMPLEWSKI Grzegorz<\/li>\n<li>WO\u0179NIAK Marek<\/li>\n<li>ZAPA\u0141A Andrzej<\/li>\n<li>ZARZYCKI Leszek<\/li>\n<li>ZAPA\u0141A Zbigniew<\/li>\n<\/ol>\n<p>Wychowawca &#8211; El\u017cbieta NOWAK<\/p>\n<ol>\n<li>BAKALARZ Marzena Beata<\/li>\n<li>BARA\u0143SKA Danuta<\/li>\n<li>BARA\u0143SKA Halina<\/li>\n<li>CYGAN Alicja<\/li>\n<li>CZEKAJ Danuta<\/li>\n<li>DZIURA El\u017cbieta Maria<\/li>\n<li>DU\u015a Agnieszka Lidia<\/li>\n<li>GAJEK Marzena Gra\u017cyna<\/li>\n<li>G\u00d3RECKA Regina Olga<\/li>\n<li>KALETA Marzena<\/li>\n<li>KIEDROWSKA Irena Helena<\/li>\n<li>KWA\u015aNIEWSKI Maciej<\/li>\n<li>LECHOWICZ Dorota Joanna<\/li>\n<li>MAS\u0141OWSKA Joanna Maria<\/li>\n<li>MODRZEJEWSKA Ewa Katarzyna<\/li>\n<li>NOWAK Dorota Barbara<\/li>\n<li>PAWLIK Zofia<\/li>\n<li>WOJEWODA Bo\u017cena Krystyna<\/li>\n<li>W\u00d3JCIKOWSKA Teresa<\/li>\n<li>ZIELI\u0143SKA Dorota \u0141ucja<\/li>\n<\/ol>\n<p>ROCZNIK 1984<\/p>\n<p>Wychowawca &#8211; Ludwik PAPIERZ w kl. I, II,III<\/p>\n<p>Andrzej MAZUR w kl.IW<\/p>\n<ol>\n<li>BEDLA Robert<\/li>\n<li>BIENIEK Dariusz<\/li>\n<li>BOCHNIAK Wojciech<\/li>\n<li>CIE\u015aLA Marek<\/li>\n<li>CIU\u0141EK Zbigniew<\/li>\n<li>DETKA Pawe\u0142<\/li>\n<li>FULARSKI Piotr<\/li>\n<li>IWA\u0143SKI S\u0142awomir<\/li>\n<li>KASI\u0143SKI Marek<\/li>\n<li>KIE\u0141CZY\u0143SKI Janusz<\/li>\n<li>KUMOR Miros\u0142aw<\/li>\n<li>PAJ\u0104K Miros\u0142aw<\/li>\n<li>PRZENIOS\u0141O S\u0142awomir<\/li>\n<li>PIEKARA Jaros\u0142aw<\/li>\n<li>SKOWERA Aleksander<\/li>\n<li>S\u0141ONINA Marek<\/li>\n<li>ST\u0118PIE\u0143 Witold<\/li>\n<li>\u015aWI\u0104TEK Mariusz<\/li>\n<li>SZTANDERA Leszek<\/li>\n<li>SZUBA Dariusz<\/li>\n<li>TOKARSKI Dariusz<\/li>\n<li>TRACZ Janusz<\/li>\n<li>ZWIERZCHOWSKI Ryszard<\/li>\n<\/ol>\n<p>Wychowawca &#8211; Anna KRAWCZYK w kl I, II<\/p>\n<p>Halina BAKALARZ w kl. III, IV, V<\/p>\n<ol>\n<li>BANA\u015a Alicja<\/li>\n<li>BEDLA Alicja<\/li>\n<li>CEDRO Marzena<\/li>\n<li>COGIEL Wioletta<\/li>\n<li>GABRY\u015a Beata<\/li>\n<li>GNIA\u0179DZI\u0143SKA Marzena<\/li>\n<li>GRZEGORSKA Jadwiga<\/li>\n<li>GRZESIK Anna<\/li>\n<li>JANIK Ewa<\/li>\n<li>K\u0104CKA Anna<\/li>\n<li>KO\u0106WIN Lucyna<\/li>\n<li>MACIAK Lidia<\/li>\n<li>MO\u0141AS Izabela<\/li>\n<li>MOSKWA Ma\u0142gorzata<\/li>\n<li>NOWAKOWSKA Teresa<\/li>\n<li>PAWLIK Jolanta<\/li>\n<li>PE\u0141KA Alina<\/li>\n<li>POLAK Jadwiga<\/li>\n<li>ROGALSKA Ma\u0142gorzata<\/li>\n<li>SKORUPA Renata<\/li>\n<li>SOLARSKA Ewa<\/li>\n<li>SYNOWSKA Ma\u0142gorzata<\/li>\n<li>SZCZEPA\u0143CZYK Ma\u0142gorzata<\/li>\n<li>WI\u0118CKOWSKA Ma\u0142gorzata<\/li>\n<li>ROWI\u0143SKA Danuta<\/li>\n<li>KWA\u015aNIEWSKI Maciej<\/li>\n<\/ol>\n<p>ROCZNIK 1985<\/p>\n<p>Wychowawca &#8211; Krystyna LIPSKA<\/p>\n<ol>\n<li>BIELEJEC Grzegorz<\/li>\n<li>BISKUP Dariusz<\/li>\n<li>BOSZCZYK Dariusz<\/li>\n<li>BU\u0141AKOWSKI Wojciech<\/li>\n<li>DUL\u0118BA Waldemar<\/li>\n<li>DZI\u00d3\u0141KO Janusz<\/li>\n<li>GRZYBOWSKI S\u0142awomir<\/li>\n<li>JAS Szymon<\/li>\n<li>KLUSZCZY\u0143SKI Tadeusz<\/li>\n<li>MARCYKIEWICZ Miros\u0142aw<\/li>\n<li>MICHALCZYK Pawe\u0142<\/li>\n<li>MIRECKI Miros\u0142aw<\/li>\n<li>MOSKWA Jacek<\/li>\n<li>MR\u00d3Z Miros\u0142aw<\/li>\n<li>SABAT Dariusz<\/li>\n<li>SOBALA Leszek<\/li>\n<li>ST\u0118PIE\u0143 Jan<\/li>\n<li>SZAFRANIEC Krzysztof<\/li>\n<li>SZOSTAK Krzysztof<\/li>\n<li>SZYMCZYK Krzysztof<\/li>\n<li>WILK Dariusz<\/li>\n<li>WITEK Wojciech<\/li>\n<li>WO\u0179NIAK Dariusz<\/li>\n<li>WR\u00d3BLEWSKI Zbigniew<\/li>\n<li>ZI\u0118BA Piotr<\/li>\n<li>ZAGDA\u0143SKI Janusz<\/li>\n<\/ol>\n<p>Wychowawca &#8211; Otylia SZYNDLER<\/p>\n<ol>\n<li>BOCZEK Agnieszka<\/li>\n<li>BUGAJ Wies\u0142awa<\/li>\n<li>GADAWSKA Halina<\/li>\n<li>G\u0104SIOR Teresa<\/li>\n<li>GLI\u0143SKA Danuta<\/li>\n<li>JAROSZ Ma\u0142gorzata<\/li>\n<li>KOCHAN Ma\u0142gorzata<\/li>\n<li>\u0141OWKIET Wioletta<\/li>\n<li>MARKIEWICZ Iwona<\/li>\n<li>MARSZA\u0141EK El\u017cbieta<\/li>\n<li>N\u00d3WEK Joanna<\/li>\n<li>OLIWKIEWICZ Marzena<\/li>\n<li>O\u017bAROWSKA Barbara<\/li>\n<li>PROSTY\u0143SKA Barbara<\/li>\n<li>RECZY\u0143SKA Julita<\/li>\n<li>SKUZA Ma\u0142gorzata<\/li>\n<li>ST\u0118PIE\u0143 Marta<\/li>\n<li>TOKARSKA Wies\u0142awa<\/li>\n<li>TRETER Irena<\/li>\n<li>WO\u0179NIAK Anna<\/li>\n<\/ol>\n<p>ROCZNIK 1986<\/p>\n<p>Wychowawca &#8211; El\u017cbieta RELIGA<\/p>\n<ol>\n<li>B\u0104K Miros\u0142aw<\/li>\n<li>CICHO\u0143SKA Barbara<\/li>\n<li>CZECH Cezary<\/li>\n<li>GA\u0141A Renata<\/li>\n<li>GR\u0104DZIEL Bo\u017cena<\/li>\n<li>KACZMARCZYK Ewa<\/li>\n<li>KAIM Zbigniew<\/li>\n<li>KLISZEWSKA Anna<\/li>\n<li>KLOCEK Lidia<\/li>\n<li>KWIATEK Barbara<\/li>\n<li>KWIECIE\u0143 Marzena<\/li>\n<li>LISOWSKA Ma\u0142gorzata<\/li>\n<li>MAS\u0141OWSKA Barbara<\/li>\n<li>PASTUSZKA Gra\u017cyna<\/li>\n<li>PIOTROWSKI Cezary<\/li>\n<li>P\u0141ODZIE\u0143 Monika<\/li>\n<li>\u015aCIEGIENNA Joanna<\/li>\n<li>\u015aWIETLIK Renata<\/li>\n<li>TRELA Wies\u0142aw<\/li>\n<li>ZDANOWICZ Marta<\/li>\n<li>ZIELONKA Janina<\/li>\n<li>ZUBRZYCKA Ewa<\/li>\n<\/ol>\n<p>Wychowawca: Stanis\u0142aw KOZIE\u0141<\/p>\n<ol>\n<li>D\u0104BROWSKI Jaros\u0142aw<\/li>\n<li>DEKIEL Mariusz<\/li>\n<li>DUDEK J\u00f3zef<\/li>\n<li>DUDZI\u0143SKI Andrzej<\/li>\n<li>DZIUBEK Piotr<\/li>\n<li>DZIWO\u0143 S\u0142awomir<\/li>\n<li>GRZESIUK Robert<\/li>\n<li>KOWALSKI Henryk<\/li>\n<li>KUPIS Artur<\/li>\n<li>MO\u0141DA Pawe\u0142<\/li>\n<li>SZAFARCZYK Bogus\u0142aw<\/li>\n<li>SZCZEPA\u0143CZYK Tomasz<\/li>\n<li>TRYCHA Marek<\/li>\n<li>WID\u0141AK Artur<\/li>\n<li>WOJTASZEK Marek<\/li>\n<li>W\u00d3JCIK Adam<\/li>\n<li>ZI\u0118BA Norbert<\/li>\n<\/ol>\n<p><a name=\"bookmark60\"><\/a> ROCZNIK 1987<\/p>\n<p>Wychowawca &#8211; Czes\u0142aw GONCIARZ<\/p>\n<ol>\n<li>BUCZY\u0143SKI Krzysztof<\/li>\n<li>GARBACZ Dariusz<\/li>\n<li>JANIK B\u0142a\u017cej<\/li>\n<li>JAWORSKI Jacek<\/li>\n<li>JAWORSKI Bogdan<\/li>\n<li>KASPEREK Robert<\/li>\n<li>K\u0118\u0106KO Waldemar<\/li>\n<li>KORNACKI Marek<\/li>\n<li>KSI\u0104\u017bEK Jan<\/li>\n<li>KU\u0141AGA Pawe\u0142<\/li>\n<li>MACIEJEWSKI Andrzej<\/li>\n<li>PABIAN Dariusz<\/li>\n<li>PISIEWICZ Tomasz<\/li>\n<li>POWA\u0141KIEWICZ Pawe\u0142<\/li>\n<li>REK Zbigniew<\/li>\n<li>SABAT Dariusz<\/li>\n<li>SKOWERA Albert<\/li>\n<li>SORDYL Arkadiusz<\/li>\n<li>STA\u0143CZYK Remigiusz<\/li>\n<li>STR\u00d3JW\u0104S Pawe\u0142<\/li>\n<li>W\u00d3JCIKOWSKI Grzegorz<\/li>\n<\/ol>\n<p>Wychowawca: Anna PISKORZ<\/p>\n<ol>\n<li>BIBER Urszula<\/li>\n<li>CHOLEWI\u0143SKA Jolanta<\/li>\n<li>KARBOWNIAK Ma\u0142gorzata<\/li>\n<li>KOZA Renata<\/li>\n<li>LASOTA Anna<\/li>\n<li>LESIAK Barbara<\/li>\n<li>\u0141UKAWSKI Leszek<\/li>\n<li>MAJDA Adam<\/li>\n<li>PACAN Zbigniew<\/li>\n<li>ROWI\u0143SKI Jacek<\/li>\n<li>STEFA\u0143SKA Beata<\/li>\n<li>STRUGA\u0141A Arkadiusz<\/li>\n<li>W\u00d3JCIK Anna<\/li>\n<li>WYROZUMSKI Pawe\u0142<\/li>\n<li>WYTRYCH Ewa<\/li>\n<li>ZACHARSKI Jaros\u0142aw<\/li>\n<li>ZALE\u015aNA Renata<\/li>\n<\/ol>\n<p><a name=\"bookmark61\"><\/a> ROCZNIK 1988<\/p>\n<p>Wychowawca &#8211; El\u017cbieta NOWAK<\/p>\n<ol>\n<li>CYGAN Ma\u0142gorzata<\/li>\n<li>DEKASI\u0143SKA Urszula<\/li>\n<li>DETKA Wojciech<\/li>\n<li>FOSSA El\u017cbieta<\/li>\n<li>GUBA\u0141A Jacek<\/li>\n<li>HA\u0141UBEK Micha\u0142<\/li>\n<li>K\u0141OSOWSKA Bogumi\u0142a<\/li>\n<li>KWAPIE\u0143 Cezary<\/li>\n<li>KWIECIE\u0143 Edyta<\/li>\n<li>MACIUCH Marek<\/li>\n<li>MALCZEWSKI Jacek<\/li>\n<li>MARZEC Halina<\/li>\n<li>MOSKWA Roland<\/li>\n<li>NOWAK Rafa\u0142<\/li>\n<li>OPALI\u0143SKA Dorota<\/li>\n<li>PIR\u00d3G Olga<\/li>\n<li>POS\u0141OWSKA Renata<\/li>\n<li>PRYGIEL Iwona<\/li>\n<li>SZCZYGIELSKI Wojciech<\/li>\n<li>URBA\u0143CZYK Ewa<\/li>\n<li>WIECZOREK Lucyna<\/li>\n<li>W\u00d3JCICKA El\u017cbieta<\/li>\n<li>ZACHARSKA El\u017cbieta<\/li>\n<li>ZARZYCKA Justyna<\/li>\n<\/ol>\n<p>Wychowawca: Halina BAKALARZ<\/p>\n<ol>\n<li>G\u00d3RSKI Robert<\/li>\n<li>GRABARCZYK Robert<\/li>\n<li>JANASZEK Pawe\u0142<\/li>\n<li>KIJ Pawe\u0142<\/li>\n<li>KO\u0141OMA\u0143SKI Tomasz<\/li>\n<li>KUCHTA Marek<\/li>\n<li>PABIAN Grzegorz<\/li>\n<li>PIEC Jacek<\/li>\n<li>RECZY\u0143SKI Artur<\/li>\n<li>SOBIERAJ Piotr<\/li>\n<li>SZREK Marek<\/li>\n<li>TARGOWSKI Tomasz<\/li>\n<\/ol>\n<p>ROCZNIK 1989<\/p>\n<p>Wychowawca &#8211; Bogumi\u0142 SELERSKI<\/p>\n<ol>\n<li>BOGDA\u0141 Rafa!<\/li>\n<li>D\u0104BEK Robert<\/li>\n<li>D\u0104BROWSKI Micha\u0142<\/li>\n<li>DUDEK Dariusz<\/li>\n<li>DYDAK Grzegorz<\/li>\n<li>HASIAK Dariusz<\/li>\n<li>JANUS Renata<\/li>\n<li>JAROMIN Iwona<\/li>\n<li>KOZ\u0141OWSKI Jacek<\/li>\n<li>NIECHCIA\u0141 Donat<\/li>\n<li>ROLA Pawe\u0142<\/li>\n<li>SALWA Sylwester<\/li>\n<li>SO\u0141TYSIAK Jolanta<\/li>\n<li>\u015aWIERCZ Beata<\/li>\n<\/ol>\n<p>Wychowawca: Stanis\u0142aw KOZIE\u0141<\/p>\n<ol>\n<li>DOMAGA\u0141A Arkadiusz<\/li>\n<li>DZI\u00d3\u0141KO Miros\u0142aw<\/li>\n<li>G\u0141USZEK Robert<\/li>\n<li>GNIAZDOWSKI Grzegorz<\/li>\n<li>KORUS Stanis\u0142aw<\/li>\n<li>OB\u0141\u0104K Mariusz<\/li>\n<li>P\u0141AZIAK Jacek<\/li>\n<li>RAJFURA Mariusz<\/li>\n<li>STARO\u015aCIAK Jacek<\/li>\n<li>SLUSARCZYK Wenancjusz<\/li>\n<li>\u015aWI\u0104TEK Krzysztof<\/li>\n<li>\u015aWIETLAK Arkadiusz<\/li>\n<li>WALAS Piotr<\/li>\n<li>WIECZOREK Tomasz<\/li>\n<li>ZIEMNICKI Pawe\u0142<\/li>\n<li>ZYGADLEWICZ Piotr<\/li>\n<\/ol>\n<p>ROCZNIK 1990<\/p>\n<p>Wychowawca &#8211; Krystyna J\u00d3\u0179WIK<\/p>\n<ol>\n<li>BRYK Edyta<\/li>\n<li>CZY\u017b Dariusz<\/li>\n<li>JAKUBCZAK Dorota<\/li>\n<li>JAREK Miros\u0142aw<\/li>\n<li>KASZA Andrzej<\/li>\n<li>KO\u0141ODZIEJ Agnieszka<\/li>\n<li>KOWAL Marzena<\/li>\n<li>MORAWSKI Miros\u0142aw<\/li>\n<li>OTCZYK Monika<\/li>\n<li>R\u00d3\u017bALSKI Robert<\/li>\n<li>SIC Marzena<\/li>\n<li>SK\u00d3REWICZ Pawe\u0142<\/li>\n<li>STEFANEK Micha\u0142<\/li>\n<li>TOBOREK Marcin T<\/li>\n<li>OMALA S\u0142awomir<\/li>\n<li>WOJNOWSKI Grzegorz<\/li>\n<li>W\u00d3JCIK Katarzyna<\/li>\n<\/ol>\n<p>Wychowawca: El\u017cbieta PLESOWICZ<\/p>\n<ol>\n<li>BARA\u0143SKI Mariusz<\/li>\n<li>HYZICKI Jacek<\/li>\n<li>MAJEWSKI Wies\u0142aw<\/li>\n<li>PIEC Marek<\/li>\n<li>PYZOWSKI Grzegorz<\/li>\n<li>SIEWIERSKI Krzysztof<\/li>\n<li>SZUMEROWSKI Robert<\/li>\n<li>STRZELEC Zenon<\/li>\n<li>WALKIEWICZ Pawe\u0142<\/li>\n<\/ol>\n","protected":false},"excerpt":{"rendered":"<p>ROCZNIK 1981 Wychowawca &#8211; Stanis\u0142aw LISOWICZ &#8211; Jolanta SZAJN ADAMCZYK Miros\u0142aw BAJOROWICZ Marian BARTNIK S\u0142awomir JA\u0141OCHA Bogus\u0142aw K\u0118DZIORA Wojciech KIELI\u015a Miros\u0142aw KLIMA Zbigniew KOWALSKI Wojciech KUNDERA Wies\u0142aw MIKO\u0141AJCZYK Jaros\u0142aw MIODOWSKI Andrzej ORSZULAK Andrzej PIETRUCH Tomasz PIETRZYKOWSKI Janusz PONIEWIERSKI Jan RECZY\u0143SKI Krzysztof SKOWERA Arkadiusz SROKA Jacek SZUFLIK Jan \u015aLUSAREK Krzysztof TARKA\u2026<\/p>\n<p class=\"continue-reading-button\"> <a class=\"continue-reading-link\" href=\"https:\/\/satg.pl\/geolog\/spis-absolwentow\/1981-1990\/\">Czytaj dalej<i class=\"crycon-right-dir\"><\/i><\/a><\/p>\n","protected":false},"author":1,"featured_media":0,"parent":143,"menu_order":0,"comment_status":"closed","ping_status":"closed","template":"","meta":{"ngg_post_thumbnail":0,"jetpack_post_was_ever_published":false,"footnotes":""},"class_list":["post-190","page","type-page","status-publish","hentry"],"jetpack_sharing_enabled":true,"jetpack_shortlink":"https:\/\/wp.me\/P7jPbe-34","jetpack-related-posts":[{"id":188,"url":"https:\/\/satg.pl\/geolog\/spis-absolwentow\/1971-1980\/","url_meta":{"origin":190,"position":0},"title":"1971-1980","author":"Garapozales","date":"2010-11-06","format":false,"excerpt":"ROCZNIK 1971 Wychowawca - Teodozja POJAWSKA BARUCHA Andrzej BIESAGA Ryszard BORKOWSKI Jerzy BUCZEK Krzysztof BUCZEK Miros\u0142aw DOMI\u0143CZAK J\u00f3zef DUSZA Bogdan FELISEK Ryszard GOLDA Czes\u0142aw KOBIEC J\u00f3zef KOBY\u0141KA Jerzy KOSIOR Henryk KOZERA Adam KULIKOWSKI Kazimierz \u0141AB\u0104D\u0179 Henryk MAREK Zbigniew MO\u0106KO Stanis\u0142aw MO\u0141DA Krzysztof NAWARA Tadeusz SEREMAK Fryderyk SOLECKI Antoni TOMICKI Marek\u2026","rel":"","context":"Podobny wpis","block_context":{"text":"Podobny wpis","link":""},"img":{"alt_text":"","src":"","width":0,"height":0},"classes":[]},{"id":194,"url":"https:\/\/satg.pl\/geolog\/spis-absolwentow\/1991-2000\/","url_meta":{"origin":190,"position":1},"title":"1991-2000","author":"Garapozales","date":"2010-11-06","format":false,"excerpt":"ROCZNIK 1991 Wychowawca - Barbara SO\u0141OWOW ADAMEJ Jaros\u0142aw BOROWSKI Pawe\u0142 BIESZCZAD Artur CHRU\u015aCIEL Pawe\u0142 DREZNO Wojciech JAB\u0141O\u0143SKI S\u0142awomir KORBAN Marek KOWALSKI Piotr KOZUBEK Grzegorz LEWICKI Jaros\u0142aw MARKOWSKI Damian MAZUR Miros\u0142aw NIEBUDEK Dariusz PAJ\u0104K Adam RADEK Zbigniew SOCHA Mariusz W\u0104SIK Piotr WRONA Marcin Wychowawca - Krystyna LIPSKA AUGUSTYN Jacek BARTNIK Marcin\u2026","rel":"","context":"Podobny wpis","block_context":{"text":"Podobny wpis","link":""},"img":{"alt_text":"","src":"","width":0,"height":0},"classes":[]},{"id":186,"url":"https:\/\/satg.pl\/geolog\/spis-absolwentow\/1961-1970\/","url_meta":{"origin":190,"position":2},"title":"1961-1970","author":"Garapozales","date":"2010-11-06","format":false,"excerpt":"ROCZNIK 1961 Wychowawca - Eugeniusz SENKIEWICZ BIA\u0141OGO\u0143SKI Piotr DENKOWSKI Wies\u0142aw G\u0104SIOR Marcin GONCIARZ Czes\u0142aw GRZYBOWSKI Ryszard KOCHANOWSKI Edward KURPI\u0143SKI Zdzis\u0142aw MAJCHER Jan MALCZYK Jan MASTALERZ Edward MIKUS Janusz NOWACKI Rafa\u0142 OCZKO Jacek STARZOWSKI J\u00f3zef WRONA Jerzy Wychowawca - Teodozja POJAWSKA. BILSKI Stanis\u0142aw BURZY\u0143SKI Waldemar CHRZANOWSKI Jerzy CHYREK Bogus\u0142aw CIEPLUCH Sylwester\u2026","rel":"","context":"Podobny wpis","block_context":{"text":"Podobny wpis","link":""},"img":{"alt_text":"","src":"","width":0,"height":0},"classes":[]},{"id":255,"url":"https:\/\/satg.pl\/geolog\/spis-absolwentow\/nauczyciele\/","url_meta":{"origin":190,"position":3},"title":"NAUCZYCIELE","author":"Garapozales","date":"2010-11-09","format":false,"excerpt":"Dyrektorzy szko\u0142y Ignacy Nesterowicz Jan Rafa\u0142 Kami\u0144ski Marian Niemiec Wanda Marcinkow\u00adska Czes\u0142aw Jaroszewski Mieczys\u0142aw Krzosa W\u0142odzimierz Talik Tadeusz Mertyna Zast\u0119pcy dyrektora Eugeniusz Senkowicz Marian Niemiec Ryszard Zieli\u0144ski Wanda Marcinkowska Stanis\u0142aw Kozie\u0142 Kazimierz Bogda\u0144ski Zenon Wo\u017aniak Jolanta Szajn Wychowawcy klas Halina Baka\u0142arz 1984, 1988 Kazimierz Bogda\u0144ski, 1970, 1978 Zbigniew Cygan 1959\u2026","rel":"","context":"Podobny wpis","block_context":{"text":"Podobny wpis","link":""},"img":{"alt_text":"","src":"","width":0,"height":0},"classes":[]},{"id":196,"url":"https:\/\/satg.pl\/geolog\/spis-absolwentow\/2001-2005\/","url_meta":{"origin":190,"position":4},"title":"2001-2005","author":"Garapozales","date":"2010-11-06","format":false,"excerpt":"ROCZNIK 2001 Wychowawca \u2013 Halina BAKALARZ BARCHAN Magdalena BARTCZAK Jaros\u0142aw BOJARSKA Barbara D\u0104BROWSKA Sylwia DOMAGA\u0141A Konrad FRONCZYK Rafa\u0142 GRUDZIE\u0143 Paulina HABA \u0141ukasz KARBOWNIK Agnieszka KOZERA Micha\u0142 KOZ\u0141OWSKA Magdalena KR\u00d3L Hubert KURKIEWICZ-D\u0105BROWSKA LASOTA Sylwia LUDWINEK \u0141ukasz MARKOWSKI Dawid MR\u00d3Z S\u0142awomir PELA \u0141ukasz PI\u0104TEK Marcin PIERZAK Pawe? SALTARSKA Anna STACHURA Magdalena W\u00d3JCIK\u2026","rel":"","context":"Podobny wpis","block_context":{"text":"Podobny wpis","link":""},"img":{"alt_text":"","src":"","width":0,"height":0},"classes":[]},{"id":180,"url":"https:\/\/satg.pl\/geolog\/spis-absolwentow\/1957-1960\/","url_meta":{"origin":190,"position":5},"title":"1957-1960","author":"Garapozales","date":"2010-11-06","format":false,"excerpt":"ROCZNIK 1957 Wychowawca - Maria ZATORSKA DZIURA Stanis\u0142aw GATKOWSKI Zbigniew G\u0141\u0104B Eugenia GRABOWSKI Pawet HELI\u0143SKI Zdzis\u0142aw HOLA Maria JANKOWSKA Jadwiga KANIA Zofia KRAKOWIAK Roman KRYZA Krystyna KRZY\u017bANOWSKA Berta KUMOR Anna LUDWISIAK Wies\u0142awa MALICKA J\u00f3zefa NOCU\u0143 Bogdan PAJ\u0104K Marian PAPROS Jan PASO\u0143 Stanis\u0142awa P\u0141OWIE\u0106 Teresa PREDOTKA J\u00f3zefa SAPA Danuta SIEMIENIEC Augustyn\u2026","rel":"","context":"Podobny wpis","block_context":{"text":"Podobny wpis","link":""},"img":{"alt_text":"","src":"","width":0,"height":0},"classes":[]}],"jetpack_likes_enabled":true,"_links":{"self":[{"href":"https:\/\/satg.pl\/geolog\/wp-json\/wp\/v2\/pages\/190","targetHints":{"allow":["GET"]}}],"collection":[{"href":"https:\/\/satg.pl\/geolog\/wp-json\/wp\/v2\/pages"}],"about":[{"href":"https:\/\/satg.pl\/geolog\/wp-json\/wp\/v2\/types\/page"}],"author":[{"embeddable":true,"href":"https:\/\/satg.pl\/geolog\/wp-json\/wp\/v2\/users\/1"}],"replies":[{"embeddable":true,"href":"https:\/\/satg.pl\/geolog\/wp-json\/wp\/v2\/comments?post=190"}],"version-history":[{"count":2,"href":"https:\/\/satg.pl\/geolog\/wp-json\/wp\/v2\/pages\/190\/revisions"}],"predecessor-version":[{"id":21916,"href":"https:\/\/satg.pl\/geolog\/wp-json\/wp\/v2\/pages\/190\/revisions\/21916"}],"up":[{"embeddable":true,"href":"https:\/\/satg.pl\/geolog\/wp-json\/wp\/v2\/pages\/143"}],"wp:attachment":[{"href":"https:\/\/satg.pl\/geolog\/wp-json\/wp\/v2\/media?parent=190"}],"curies":[{"name":"wp","href":"https:\/\/api.w.org\/{rel}","templated":true}]}}