{"id":180,"date":"2010-11-06T10:51:31","date_gmt":"2010-11-06T09:51:31","guid":{"rendered":"http:\/\/www.satg.pl\/wordpress\/"},"modified":"2023-07-02T20:31:40","modified_gmt":"2023-07-02T18:31:40","slug":"1957-1960","status":"publish","type":"page","link":"https:\/\/satg.pl\/geolog\/spis-absolwentow\/1957-1960\/","title":{"rendered":"1957-1960"},"content":{"rendered":"<p><a name=\"bookmark1\"><\/a> ROCZNIK 1957<\/p>\n<p>Wychowawca &#8211; Maria ZATORSKA<\/p>\n<ol>\n<li>DZIURA Stanis\u0142aw<\/li>\n<li>GATKOWSKI Zbigniew<\/li>\n<li>G\u0141\u0104B Eugenia<\/li>\n<li>GRABOWSKI Pawet<\/li>\n<li>HELI\u0143SKI Zdzis\u0142aw<\/li>\n<li>HOLA Maria<\/li>\n<li>JANKOWSKA Jadwiga<\/li>\n<li>KANIA Zofia<\/li>\n<li>KRAKOWIAK Roman<\/li>\n<li>KRYZA Krystyna<\/li>\n<li>KRZY\u017bANOWSKA Berta<\/li>\n<li>KUMOR Anna<\/li>\n<li>LUDWISIAK Wies\u0142awa<\/li>\n<li>MALICKA J\u00f3zefa<\/li>\n<li>NOCU\u0143 Bogdan<\/li>\n<li>PAJ\u0104K Marian<\/li>\n<li>PAPROS Jan<\/li>\n<li>PASO\u0143 Stanis\u0142awa<\/li>\n<li>P\u0141OWIE\u0106 Teresa<\/li>\n<li>PREDOTKA J\u00f3zefa<\/li>\n<li>SAPA Danuta<\/li>\n<li>SIEMIENIEC Augustyn<\/li>\n<li>SMUGA Anna<\/li>\n<li>SOKO\u0141OWSKA Anna<\/li>\n<li>TOMASZEWSKI Andrzej<\/li>\n<li>WARSZAWSKA Halina<\/li>\n<li>ZIELONKA Beata<\/li>\n<\/ol>\n<p><a name=\"bookmark2\"><\/a> ROCZNIK 1958<\/p>\n<p>Wychowawca &#8211; Czes\u0142aw MARCHEL<\/p>\n<ol>\n<li>BRZOZOWSKI Zbigniew<\/li>\n<li>D\u0141UGOSZ Aleksandra<\/li>\n<li>G\u0141OWNIAK El\u017cbieta<\/li>\n<li>KOCHA\u0143SKI Adolf<\/li>\n<li>KORUS Albin<\/li>\n<li>KOZ\u0141OWSKI J\u00f3zef<\/li>\n<li>MACHURA Roman<\/li>\n<li>MAZURKIEWICZ Edward<\/li>\n<li>MIERCZY\u0143SKA Halina<\/li>\n<li>M\u0141YNARCZYK Leokadia<\/li>\n<li>MR\u00d3Z Andrzej<\/li>\n<li>NIEBUDEK Jan<\/li>\n<li>OSTROWSKI Ryszard<\/li>\n<li>PASTERNAK Krystyna<\/li>\n<li>POPCZYK Anna<\/li>\n<li>PRUCIA Kazimiera<\/li>\n<li>PR\u0118DOTA Zygmunt<\/li>\n<li>SIWEK Kamila<\/li>\n<li>ST\u0118PIE\u0143 Regina<\/li>\n<li>SOBKIEWICZ Jan<\/li>\n<li>TA\u0141ASIEWICZ Anna<\/li>\n<li>TOKARCZYK Witold<\/li>\n<li>WOJTASI\u0143SKI Tadeusz<\/li>\n<\/ol>\n<p><a name=\"bookmark3\"><\/a> ROCZNIK 1959<\/p>\n<p>Wychowawca &#8211; Zofia<\/p>\n<ol>\n<li>BORZ\u0118CKI Leszek<\/li>\n<li>BIELECKA Maria<\/li>\n<li>BARTOSZ Kazimierz<\/li>\n<li>BIELECKA Maria<\/li>\n<li>BORZ\u0118CKI Leszek<\/li>\n<li>CHRU\u015aCICKA W\u0142adys\u0142awa<\/li>\n<li>CZARNECKA Wanda<\/li>\n<li>G\u0118BOREK Ireneusz<\/li>\n<li>GIL Henryka<\/li>\n<li>HLEBOWICZ Eliza<\/li>\n<li>IM J\u0104 BIN<\/li>\n<li>JAGIE\u0141\u0141O Barbara<\/li>\n<li>JEDLI\u0143SKA Anna<\/li>\n<li>JUSZCZYK Halina<\/li>\n<li>KIM DU H\u0141A<\/li>\n<li>KLIMAS Czes\u0142aw<\/li>\n<li>KOSI\u0143SKA Halina<\/li>\n<li>KOWALSKA Alicja<\/li>\n<li>BARTOSZ Kazimierz<\/li>\n<li>KUMOR Genowefa<\/li>\n<li>\u0141ABUDA Stanis\u0142aw<\/li>\n<li>MARCHEL Hanna<\/li>\n<li>OLCZYK Jadwiga<\/li>\n<li>PI\u0104TKIEWICZ Andrzej<\/li>\n<li>SADOWSKA Maria<\/li>\n<li>SIKORSKA Wies\u0142awa<\/li>\n<li>SPUREK Aleksandra<\/li>\n<li>STOPA Edward<\/li>\n<li>\u015aMIECH Stefan<\/li>\n<li>\u015aWI\u0104TEK Maria<\/li>\n<li>WISOWSKI Stanis\u0142aw<\/li>\n<li>W\u00d3JCIK El\u017cbieta<\/li>\n<li>ZNOJEK Janina<\/li>\n<\/ol>\n<p>Wychowawca &#8211; Zbigniew CYGAN<\/p>\n<ol>\n<li>FREULICH Andrzej<\/li>\n<li>GAJDA W\u0142odzimierz<\/li>\n<li>GARECKI Zdzis\u0142aw<\/li>\n<li>KUBALA Stanis\u0142aw<\/li>\n<li>KUC Jerzy<\/li>\n<li>LISOWSKI Czes\u0142aw<\/li>\n<li>MACIEJEWSKI Janusz<\/li>\n<li>MARIA\u0143SKI Stefan<\/li>\n<li>MICHALSKI Bogus\u0142aw<\/li>\n<li>PIOTROWICZ Lech<\/li>\n<li>PR\u0118DOTA Zygmunt<\/li>\n<li>RAK Mieczys\u0142aw<\/li>\n<li>SARNECKI Andrzej<\/li>\n<li>SIWEK Maciej<\/li>\n<li>\u015aMIGIELSKI Piotr<\/li>\n<li>ZASADA Henryk<\/li>\n<\/ol>\n<p>ROCZNIK 1960<\/p>\n<p>W zwi\u0105zku z przed\u0142u\u017ceniem nauki o jeden rok matura w 1960 roku nie odby\u0142a si\u0119. ZNOJEK Jerzy zda\u0142 matur\u0119 w TG Krak\u00f3w<\/p>\n","protected":false},"excerpt":{"rendered":"<p>ROCZNIK 1957 Wychowawca &#8211; Maria ZATORSKA DZIURA Stanis\u0142aw GATKOWSKI Zbigniew G\u0141\u0104B Eugenia GRABOWSKI Pawet HELI\u0143SKI Zdzis\u0142aw HOLA Maria JANKOWSKA Jadwiga KANIA Zofia KRAKOWIAK Roman KRYZA Krystyna KRZY\u017bANOWSKA Berta KUMOR Anna LUDWISIAK Wies\u0142awa MALICKA J\u00f3zefa NOCU\u0143 Bogdan PAJ\u0104K Marian PAPROS Jan PASO\u0143 Stanis\u0142awa P\u0141OWIE\u0106 Teresa PREDOTKA J\u00f3zefa SAPA Danuta SIEMIENIEC Augustyn\u2026<\/p>\n<p class=\"continue-reading-button\"> <a class=\"continue-reading-link\" href=\"https:\/\/satg.pl\/geolog\/spis-absolwentow\/1957-1960\/\">Czytaj dalej<i class=\"crycon-right-dir\"><\/i><\/a><\/p>\n","protected":false},"author":1,"featured_media":0,"parent":143,"menu_order":0,"comment_status":"closed","ping_status":"closed","template":"","meta":{"ngg_post_thumbnail":0,"jetpack_post_was_ever_published":false,"footnotes":""},"class_list":["post-180","page","type-page","status-publish","hentry"],"jetpack_sharing_enabled":true,"jetpack_shortlink":"https:\/\/wp.me\/P7jPbe-2U","jetpack-related-posts":[{"id":188,"url":"https:\/\/satg.pl\/geolog\/spis-absolwentow\/1971-1980\/","url_meta":{"origin":180,"position":0},"title":"1971-1980","author":"Garapozales","date":"2010-11-06","format":false,"excerpt":"ROCZNIK 1971 Wychowawca - Teodozja POJAWSKA BARUCHA Andrzej BIESAGA Ryszard BORKOWSKI Jerzy BUCZEK Krzysztof BUCZEK Miros\u0142aw DOMI\u0143CZAK J\u00f3zef DUSZA Bogdan FELISEK Ryszard GOLDA Czes\u0142aw KOBIEC J\u00f3zef KOBY\u0141KA Jerzy KOSIOR Henryk KOZERA Adam KULIKOWSKI Kazimierz \u0141AB\u0104D\u0179 Henryk MAREK Zbigniew MO\u0106KO Stanis\u0142aw MO\u0141DA Krzysztof NAWARA Tadeusz SEREMAK Fryderyk SOLECKI Antoni TOMICKI Marek\u2026","rel":"","context":"Podobny wpis","block_context":{"text":"Podobny wpis","link":""},"img":{"alt_text":"","src":"","width":0,"height":0},"classes":[]},{"id":190,"url":"https:\/\/satg.pl\/geolog\/spis-absolwentow\/1981-1990\/","url_meta":{"origin":180,"position":1},"title":"1981-1990","author":"Garapozales","date":"2010-11-06","format":false,"excerpt":"ROCZNIK 1981 Wychowawca - Stanis\u0142aw LISOWICZ - Jolanta SZAJN ADAMCZYK Miros\u0142aw BAJOROWICZ Marian BARTNIK S\u0142awomir JA\u0141OCHA Bogus\u0142aw K\u0118DZIORA Wojciech KIELI\u015a Miros\u0142aw KLIMA Zbigniew KOWALSKI Wojciech KUNDERA Wies\u0142aw MIKO\u0141AJCZYK Jaros\u0142aw MIODOWSKI Andrzej ORSZULAK Andrzej PIETRUCH Tomasz PIETRZYKOWSKI Janusz PONIEWIERSKI Jan RECZY\u0143SKI Krzysztof SKOWERA Arkadiusz SROKA Jacek SZUFLIK Jan \u015aLUSAREK Krzysztof TARKA\u2026","rel":"","context":"Podobny wpis","block_context":{"text":"Podobny wpis","link":""},"img":{"alt_text":"","src":"","width":0,"height":0},"classes":[]},{"id":186,"url":"https:\/\/satg.pl\/geolog\/spis-absolwentow\/1961-1970\/","url_meta":{"origin":180,"position":2},"title":"1961-1970","author":"Garapozales","date":"2010-11-06","format":false,"excerpt":"ROCZNIK 1961 Wychowawca - Eugeniusz SENKIEWICZ BIA\u0141OGO\u0143SKI Piotr DENKOWSKI Wies\u0142aw G\u0104SIOR Marcin GONCIARZ Czes\u0142aw GRZYBOWSKI Ryszard KOCHANOWSKI Edward KURPI\u0143SKI Zdzis\u0142aw MAJCHER Jan MALCZYK Jan MASTALERZ Edward MIKUS Janusz NOWACKI Rafa\u0142 OCZKO Jacek STARZOWSKI J\u00f3zef WRONA Jerzy Wychowawca - Teodozja POJAWSKA. BILSKI Stanis\u0142aw BURZY\u0143SKI Waldemar CHRZANOWSKI Jerzy CHYREK Bogus\u0142aw CIEPLUCH Sylwester\u2026","rel":"","context":"Podobny wpis","block_context":{"text":"Podobny wpis","link":""},"img":{"alt_text":"","src":"","width":0,"height":0},"classes":[]},{"id":194,"url":"https:\/\/satg.pl\/geolog\/spis-absolwentow\/1991-2000\/","url_meta":{"origin":180,"position":3},"title":"1991-2000","author":"Garapozales","date":"2010-11-06","format":false,"excerpt":"ROCZNIK 1991 Wychowawca - Barbara SO\u0141OWOW ADAMEJ Jaros\u0142aw BOROWSKI Pawe\u0142 BIESZCZAD Artur CHRU\u015aCIEL Pawe\u0142 DREZNO Wojciech JAB\u0141O\u0143SKI S\u0142awomir KORBAN Marek KOWALSKI Piotr KOZUBEK Grzegorz LEWICKI Jaros\u0142aw MARKOWSKI Damian MAZUR Miros\u0142aw NIEBUDEK Dariusz PAJ\u0104K Adam RADEK Zbigniew SOCHA Mariusz W\u0104SIK Piotr WRONA Marcin Wychowawca - Krystyna LIPSKA AUGUSTYN Jacek BARTNIK Marcin\u2026","rel":"","context":"Podobny wpis","block_context":{"text":"Podobny wpis","link":""},"img":{"alt_text":"","src":"","width":0,"height":0},"classes":[]},{"id":196,"url":"https:\/\/satg.pl\/geolog\/spis-absolwentow\/2001-2005\/","url_meta":{"origin":180,"position":4},"title":"2001-2005","author":"Garapozales","date":"2010-11-06","format":false,"excerpt":"ROCZNIK 2001 Wychowawca \u2013 Halina BAKALARZ BARCHAN Magdalena BARTCZAK Jaros\u0142aw BOJARSKA Barbara D\u0104BROWSKA Sylwia DOMAGA\u0141A Konrad FRONCZYK Rafa\u0142 GRUDZIE\u0143 Paulina HABA \u0141ukasz KARBOWNIK Agnieszka KOZERA Micha\u0142 KOZ\u0141OWSKA Magdalena KR\u00d3L Hubert KURKIEWICZ-D\u0105BROWSKA LASOTA Sylwia LUDWINEK \u0141ukasz MARKOWSKI Dawid MR\u00d3Z S\u0142awomir PELA \u0141ukasz PI\u0104TEK Marcin PIERZAK Pawe? SALTARSKA Anna STACHURA Magdalena W\u00d3JCIK\u2026","rel":"","context":"Podobny wpis","block_context":{"text":"Podobny wpis","link":""},"img":{"alt_text":"","src":"","width":0,"height":0},"classes":[]},{"id":255,"url":"https:\/\/satg.pl\/geolog\/spis-absolwentow\/nauczyciele\/","url_meta":{"origin":180,"position":5},"title":"NAUCZYCIELE","author":"Garapozales","date":"2010-11-09","format":false,"excerpt":"Dyrektorzy szko\u0142y Ignacy Nesterowicz Jan Rafa\u0142 Kami\u0144ski Marian Niemiec Wanda Marcinkow\u00adska Czes\u0142aw Jaroszewski Mieczys\u0142aw Krzosa W\u0142odzimierz Talik Tadeusz Mertyna Zast\u0119pcy dyrektora Eugeniusz Senkowicz Marian Niemiec Ryszard Zieli\u0144ski Wanda Marcinkowska Stanis\u0142aw Kozie\u0142 Kazimierz Bogda\u0144ski Zenon Wo\u017aniak Jolanta Szajn Wychowawcy klas Halina Baka\u0142arz 1984, 1988 Kazimierz Bogda\u0144ski, 1970, 1978 Zbigniew Cygan 1959\u2026","rel":"","context":"Podobny wpis","block_context":{"text":"Podobny wpis","link":""},"img":{"alt_text":"","src":"","width":0,"height":0},"classes":[]}],"jetpack_likes_enabled":true,"_links":{"self":[{"href":"https:\/\/satg.pl\/geolog\/wp-json\/wp\/v2\/pages\/180","targetHints":{"allow":["GET"]}}],"collection":[{"href":"https:\/\/satg.pl\/geolog\/wp-json\/wp\/v2\/pages"}],"about":[{"href":"https:\/\/satg.pl\/geolog\/wp-json\/wp\/v2\/types\/page"}],"author":[{"embeddable":true,"href":"https:\/\/satg.pl\/geolog\/wp-json\/wp\/v2\/users\/1"}],"replies":[{"embeddable":true,"href":"https:\/\/satg.pl\/geolog\/wp-json\/wp\/v2\/comments?post=180"}],"version-history":[{"count":2,"href":"https:\/\/satg.pl\/geolog\/wp-json\/wp\/v2\/pages\/180\/revisions"}],"predecessor-version":[{"id":21913,"href":"https:\/\/satg.pl\/geolog\/wp-json\/wp\/v2\/pages\/180\/revisions\/21913"}],"up":[{"embeddable":true,"href":"https:\/\/satg.pl\/geolog\/wp-json\/wp\/v2\/pages\/143"}],"wp:attachment":[{"href":"https:\/\/satg.pl\/geolog\/wp-json\/wp\/v2\/media?parent=180"}],"curies":[{"name":"wp","href":"https:\/\/api.w.org\/{rel}","templated":true}]}}