{"id":143,"date":"2010-11-03T08:33:23","date_gmt":"2010-11-03T07:33:23","guid":{"rendered":"http:\/\/www.satg.pl\/wordpress\/"},"modified":"2016-03-28T18:50:17","modified_gmt":"2016-03-28T16:50:17","slug":"spis-absolwentow","status":"publish","type":"page","link":"https:\/\/satg.pl\/geolog\/spis-absolwentow\/","title":{"rendered":"SPIS ABSOLWENT\u00d3W i NAUCZYCIELI"},"content":{"rendered":"<p><a href=\"https:\/\/satg.pl\/geolog\/spis-absolwentow\/1957-1960\">1957-1960<\/a><br \/>\n<a href=\"https:\/\/satg.pl\/geolog\/spis-absolwentow\/1961-1970\">1961-1970<\/a><br \/>\n<a href=\"https:\/\/satg.pl\/geolog\/spis-absolwentow\/1971-1980\">1971-1980<\/a><br \/>\n<a href=\"https:\/\/satg.pl\/geolog\/spis-absolwentow\/1981-1990\">1981-1990<\/a><br \/>\n<a href=\"https:\/\/satg.pl\/geolog\/spis-absolwentow\/1991-2000\">1991-2000<\/a><br \/>\n<a href=\"https:\/\/satg.pl\/geolog\/spis-absolwentow\/2001-2005\">2001-2005<\/a><br \/>\n<a href=\"https:\/\/satg.pl\/geolog\/spis-absolwentow\/nauczyciele\">Nauczyciele<\/a><\/p>\n","protected":false},"excerpt":{"rendered":"<p>1957-1960 1961-1970 1971-1980 1981-1990 1991-2000 2001-2005 Nauczyciele<\/p>\n<p class=\"continue-reading-button\"> <a class=\"continue-reading-link\" href=\"https:\/\/satg.pl\/geolog\/spis-absolwentow\/\">Czytaj dalej<i class=\"crycon-right-dir\"><\/i><\/a><\/p>\n","protected":false},"author":1,"featured_media":0,"parent":0,"menu_order":0,"comment_status":"closed","ping_status":"open","template":"","meta":{"ngg_post_thumbnail":0,"jetpack_post_was_ever_published":false,"footnotes":""},"class_list":["post-143","page","type-page","status-publish","hentry"],"jetpack_sharing_enabled":true,"jetpack_shortlink":"https:\/\/wp.me\/P7jPbe-2j","jetpack-related-posts":[{"id":255,"url":"https:\/\/satg.pl\/geolog\/spis-absolwentow\/nauczyciele\/","url_meta":{"origin":143,"position":0},"title":"NAUCZYCIELE","author":"Garapozales","date":"2010-11-09","format":false,"excerpt":"Dyrektorzy szko\u0142y Ignacy Nesterowicz Jan Rafa\u0142 Kami\u0144ski Marian Niemiec Wanda Marcinkow\u00adska Czes\u0142aw Jaroszewski Mieczys\u0142aw Krzosa W\u0142odzimierz Talik Tadeusz Mertyna Zast\u0119pcy dyrektora Eugeniusz Senkowicz Marian Niemiec Ryszard Zieli\u0144ski Wanda Marcinkowska Stanis\u0142aw Kozie\u0142 Kazimierz Bogda\u0144ski Zenon Wo\u017aniak Jolanta Szajn Wychowawcy klas Halina Baka\u0142arz 1984, 1988 Kazimierz Bogda\u0144ski, 1970, 1978 Zbigniew Cygan 1959\u2026","rel":"","context":"Podobny wpis","block_context":{"text":"Podobny wpis","link":""},"img":{"alt_text":"","src":"","width":0,"height":0},"classes":[]},{"id":180,"url":"https:\/\/satg.pl\/geolog\/spis-absolwentow\/1957-1960\/","url_meta":{"origin":143,"position":1},"title":"1957-1960","author":"Garapozales","date":"2010-11-06","format":false,"excerpt":"ROCZNIK 1957 Wychowawca - Maria ZATORSKA DZIURA Stanis\u0142aw GATKOWSKI Zbigniew G\u0141\u0104B Eugenia GRABOWSKI Pawet HELI\u0143SKI Zdzis\u0142aw HOLA Maria JANKOWSKA Jadwiga KANIA Zofia KRAKOWIAK Roman KRYZA Krystyna KRZY\u017bANOWSKA Berta KUMOR Anna LUDWISIAK Wies\u0142awa MALICKA J\u00f3zefa NOCU\u0143 Bogdan PAJ\u0104K Marian PAPROS Jan PASO\u0143 Stanis\u0142awa P\u0141OWIE\u0106 Teresa PREDOTKA J\u00f3zefa SAPA Danuta SIEMIENIEC Augustyn\u2026","rel":"","context":"Podobny wpis","block_context":{"text":"Podobny wpis","link":""},"img":{"alt_text":"","src":"","width":0,"height":0},"classes":[]},{"id":9,"url":"https:\/\/satg.pl\/geolog\/historia\/","url_meta":{"origin":143,"position":2},"title":"HISTORIA","author":"Garapozales","date":"2010-10-30","format":false,"excerpt":"Historia TG \u00a0 Technikum Geologiczne w Kielcach powsta\u0142o w 1953 r. na mocy zarz\u0105dzenia z dnia 28 lutego 1953\u00a0r. nr IV-05b\/30 wydanego przez Centralny Urz\u0105d Geologii w Warszawie. W roku szkolnym 1953\/54 by\u0142a jedna czterdziestoosobowa klasa wydzia\u0142u laboratoryjnego z\u00a0jednym nauczycielem etatowym, wychowawczyni\u0105 klasy by\u0142a mgr Maria Zatorska. Pierwszym dyrektorem szko\u0142y\u2026","rel":"","context":"Podobny wpis","block_context":{"text":"Podobny wpis","link":""},"img":{"alt_text":"","src":"","width":0,"height":0},"classes":[]},{"id":196,"url":"https:\/\/satg.pl\/geolog\/spis-absolwentow\/2001-2005\/","url_meta":{"origin":143,"position":3},"title":"2001-2005","author":"Garapozales","date":"2010-11-06","format":false,"excerpt":"ROCZNIK 2001 Wychowawca \u2013 Halina BAKALARZ BARCHAN Magdalena BARTCZAK Jaros\u0142aw BOJARSKA Barbara D\u0104BROWSKA Sylwia DOMAGA\u0141A Konrad FRONCZYK Rafa\u0142 GRUDZIE\u0143 Paulina HABA \u0141ukasz KARBOWNIK Agnieszka KOZERA Micha\u0142 KOZ\u0141OWSKA Magdalena KR\u00d3L Hubert KURKIEWICZ-D\u0105BROWSKA LASOTA Sylwia LUDWINEK \u0141ukasz MARKOWSKI Dawid MR\u00d3Z S\u0142awomir PELA \u0141ukasz PI\u0104TEK Marcin PIERZAK Pawe? SALTARSKA Anna STACHURA Magdalena W\u00d3JCIK\u2026","rel":"","context":"Podobny wpis","block_context":{"text":"Podobny wpis","link":""},"img":{"alt_text":"","src":"","width":0,"height":0},"classes":[]},{"id":194,"url":"https:\/\/satg.pl\/geolog\/spis-absolwentow\/1991-2000\/","url_meta":{"origin":143,"position":4},"title":"1991-2000","author":"Garapozales","date":"2010-11-06","format":false,"excerpt":"ROCZNIK 1991 Wychowawca - Barbara SO\u0141OWOW ADAMEJ Jaros\u0142aw BOROWSKI Pawe\u0142 BIESZCZAD Artur CHRU\u015aCIEL Pawe\u0142 DREZNO Wojciech JAB\u0141O\u0143SKI S\u0142awomir KORBAN Marek KOWALSKI Piotr KOZUBEK Grzegorz LEWICKI Jaros\u0142aw MARKOWSKI Damian MAZUR Miros\u0142aw NIEBUDEK Dariusz PAJ\u0104K Adam RADEK Zbigniew SOCHA Mariusz W\u0104SIK Piotr WRONA Marcin Wychowawca - Krystyna LIPSKA AUGUSTYN Jacek BARTNIK Marcin\u2026","rel":"","context":"Podobny wpis","block_context":{"text":"Podobny wpis","link":""},"img":{"alt_text":"","src":"","width":0,"height":0},"classes":[]},{"id":190,"url":"https:\/\/satg.pl\/geolog\/spis-absolwentow\/1981-1990\/","url_meta":{"origin":143,"position":5},"title":"1981-1990","author":"Garapozales","date":"2010-11-06","format":false,"excerpt":"ROCZNIK 1981 Wychowawca - Stanis\u0142aw LISOWICZ - Jolanta SZAJN ADAMCZYK Miros\u0142aw BAJOROWICZ Marian BARTNIK S\u0142awomir JA\u0141OCHA Bogus\u0142aw K\u0118DZIORA Wojciech KIELI\u015a Miros\u0142aw KLIMA Zbigniew KOWALSKI Wojciech KUNDERA Wies\u0142aw MIKO\u0141AJCZYK Jaros\u0142aw MIODOWSKI Andrzej ORSZULAK Andrzej PIETRUCH Tomasz PIETRZYKOWSKI Janusz PONIEWIERSKI Jan RECZY\u0143SKI Krzysztof SKOWERA Arkadiusz SROKA Jacek SZUFLIK Jan \u015aLUSAREK Krzysztof TARKA\u2026","rel":"","context":"Podobny wpis","block_context":{"text":"Podobny wpis","link":""},"img":{"alt_text":"","src":"","width":0,"height":0},"classes":[]}],"jetpack_likes_enabled":true,"_links":{"self":[{"href":"https:\/\/satg.pl\/geolog\/wp-json\/wp\/v2\/pages\/143","targetHints":{"allow":["GET"]}}],"collection":[{"href":"https:\/\/satg.pl\/geolog\/wp-json\/wp\/v2\/pages"}],"about":[{"href":"https:\/\/satg.pl\/geolog\/wp-json\/wp\/v2\/types\/page"}],"author":[{"embeddable":true,"href":"https:\/\/satg.pl\/geolog\/wp-json\/wp\/v2\/users\/1"}],"replies":[{"embeddable":true,"href":"https:\/\/satg.pl\/geolog\/wp-json\/wp\/v2\/comments?post=143"}],"version-history":[{"count":1,"href":"https:\/\/satg.pl\/geolog\/wp-json\/wp\/v2\/pages\/143\/revisions"}],"predecessor-version":[{"id":19180,"href":"https:\/\/satg.pl\/geolog\/wp-json\/wp\/v2\/pages\/143\/revisions\/19180"}],"wp:attachment":[{"href":"https:\/\/satg.pl\/geolog\/wp-json\/wp\/v2\/media?parent=143"}],"curies":[{"name":"wp","href":"https:\/\/api.w.org\/{rel}","templated":true}]}}