{"id":128,"date":"2010-11-03T07:44:18","date_gmt":"2010-11-03T06:44:18","guid":{"rendered":"http:\/\/www.satg.pl\/wordpress\/"},"modified":"2010-11-03T07:44:18","modified_gmt":"2010-11-03T06:44:18","slug":"piesnipiosenki","status":"publish","type":"page","link":"https:\/\/satg.pl\/geolog\/teksty\/piesnipiosenki\/","title":{"rendered":"PIE\u015aNI\/PIOSENKI"},"content":{"rendered":"<h1>Hymn g\u00f3rniczy<\/h1>\n[audio: Gorniczy stan.mp3]\n<p><noscript><b>Hello World!<\/b><\/p>\n<p><\/noscript>G\u00f3rniczy Stan niech nam \u017cyje<br \/>\nNiech \u017cyje nam G\u00f3rniczy Stan,<br \/>\nBo cho\u0107 przed nami dzienne \u015bwiat\u0142o kryje<br \/>\nTo\u0107 dla ojczyzny trud ten jest nam dan<\/p>\n<p>Bo\u0107 synowi podziemnych czarnych \u015bwiat\u00f3w<br \/>\nKa\u017cdy ch\u0119tnie poda sw\u0105 d\u0142o\u0144\/(bis)<br \/>\nNiech \u017cyje nam G\u00f3rniczy Stan<br \/>\nG\u00f3rniczy Stan niech \u017cyje nam (bis)<\/p>\n<p>Czy\u017c nie s\u0142yszysz dzwonka z naszej wie\u017cy,<br \/>\nI kilofa, kt\u00f3ry wzywa nas,<br \/>\nHej, do szybu niech z nas ka\u017cdy bie\u017cy,<br \/>\nSzcz\u0119\u015b\u0107 nam Bo\u017ce za\u015bpiewajmy wraz<\/p>\n<p>Bo\u0107 synowi podziemnych czarnych \u015bwiat\u00f3w<br \/>\nKa\u017cdy ch\u0119tnie poda sw\u0105 d\u0142o\u0144\/(bis)<br \/>\nNiech \u017cyje nam G\u00f3rniczy Stan<br \/>\nG\u00f3rniczy Stan niech \u017cyje nam (bis)<\/p>\n<p>Gdy nareszcie g\u00f3ry si\u0119 zachwiej\u0105,<br \/>\nI wr\u00f3cim bracia do \u015bwiat\u0142o\u015bci bram,<br \/>\nWejdziemy wszyscy z t\u0105 b\u0142og\u0105 nadziej\u0105,<br \/>\n\u017be s\u0142odka mi\u0142o\u015b\u0107 wzruszy serca nam<\/p>\n<p>Bo\u0107 synowi podziemnych czarnych \u015bwiat\u00f3w<br \/>\nKa\u017cdy ch\u0119tnie poda sw\u0105 d\u0142o\u0144\/(bis)<br \/>\nNiech \u017cyje nam G\u00f3rniczy Stan<br \/>\nG\u00f3rniczy Stan niech \u017cyje nam (bis)<\/p>\n<h1>Wiertacz<\/h1>\n<p>Ju\u017c nad wiertni\u0105 jutrznia wstaje<br \/>\nJu\u017c wiertaczom sygna\u0142 daje<br \/>\n\u017be do pracy rusza\u0107 czas<br \/>\nSkrzypi\u0105 prycze raz po raz<br \/>\nPierwszy Zenu\u015b wsta\u0142 placowy<br \/>\nCh\u0142op przystojny krzepki zdrowy<br \/>\nW przeciwie\u0144stwie do wiertacza<br \/>\nco pod wiertni\u0105 si\u0119 zatacza<\/p>\n<p>(Palacz z korkoci\u0105giem w d\u0142oni degustuje kwiat jab\u0142oni)<\/p>\n<p>La la la &#8230;<\/p>\n<p>W rurach s\u0142ycha\u0107 ju\u017c chlapanie<br \/>\nRozpoczyna Zenu\u015b lanie<br \/>\nWedle mi\u0119dzynarodowej karty<br \/>\nOdla\u0142 balon i p\u00f3\u0142 kwarty<br \/>\nNie by\u0142o tak du\u017co tego<br \/>\nJak na mo\u017cliwo\u015bci jego<br \/>\nRazem z kumplem na kowali<br \/>\nCa\u0142y otw\u00f3r przep\u0142ukali<br \/>\nKwas mu jeszcze kiszki z\u017cera<br \/>\nZenu\u015b w lod\u00f3wce przebiera<br \/>\nOd wczoraj mu si\u0119 odbija<br \/>\nBefsztyk spod \u015awi\u0144skiego Ryja<\/p>\n<p>(Zenu\u015b czy czy nie \u017cal? Nie!)<\/p>\n<p>La la la &#8230;<\/p>\n<p>Co\u015b Zenusia w sobie dusi<br \/>\nWiadro wody wypi\u0107 musi<br \/>\nZe zbiornika zasilania<br \/>\nNapi\u0142 si\u0119 bez uzdatniania<br \/>\nNagle drzwi si\u0119 otwieraj\u0105<br \/>\nDwaj wiertacze wygl\u0105daj\u0105<br \/>\nS\u0142onko jasno oczka razi<br \/>\nPierwszy z nich powoli z\u0142azi<br \/>\nT\u0119pym wzrokiem wody szuka<br \/>\nButem w pusty zbiornik puka<br \/>\nWody ju\u017c si\u0119 nie napije<br \/>\nZnajdzie Zenka i zabije<br \/>\nZenu\u015b widz\u0105c z\u0142o\u015b\u0107 wiertacza<br \/>\nz Baltic vodk\u0105 szybko wkracza<br \/>\nSprawa inny obr\u00f3t bierze<br \/>\nZgodnie wchodz\u0105 ju\u017c na wie\u017c\u0119<\/p>\n<p>(A wiadomo czym grozi wchodzenie wn wie\u017c\u0119 w stanie &#8230;, dlatego te\u017c)<\/p>\n<p>Na ko\u0142owr\u00f3t wyci\u0105gowy<br \/>\nNawin\u0105\u0142 si\u0119 nasz placowy<br \/>\nOwin\u0105\u0142 si\u0119 par\u0119 razy<br \/>\nJeszcze \u017cycie w nim si\u0119 \u017carzy<br \/>\nWiertacz oczy w g\u00f3r\u0119 zwraca<br \/>\nWie\u017ca z trzaskiem si\u0119 przewraca<br \/>\nPada na ziemi\u0119 ch\u0142opisko<br \/>\nNiczym cepy na klepisko<br \/>\nOcala\u0142y wiertacz ci\u0119\u017cko wzdycha<br \/>\nMiedz\u0105 idzie pi\u0119kna Krycha<br \/>\nElewator rzuca w p\u0119dzie<br \/>\nDzi\u015b roboty ju\u017c nie b\u0119dzie!!!<\/p>\n<p>La la la &#8230;<\/p>\n","protected":false},"excerpt":{"rendered":"<p>Hymn g\u00f3rniczy [audio: Gorniczy stan.mp3] Hello World! G\u00f3rniczy Stan niech nam \u017cyje Niech \u017cyje nam G\u00f3rniczy Stan, Bo cho\u0107 przed nami dzienne \u015bwiat\u0142o kryje To\u0107 dla ojczyzny trud ten jest nam dan Bo\u0107 synowi podziemnych czarnych \u015bwiat\u00f3w Ka\u017cdy ch\u0119tnie poda sw\u0105 d\u0142o\u0144\/(bis) Niech \u017cyje nam G\u00f3rniczy Stan G\u00f3rniczy Stan niech\u2026<\/p>\n<p class=\"continue-reading-button\"> <a class=\"continue-reading-link\" href=\"https:\/\/satg.pl\/geolog\/teksty\/piesnipiosenki\/\">Czytaj dalej<i class=\"crycon-right-dir\"><\/i><\/a><\/p>\n","protected":false},"author":1,"featured_media":0,"parent":617,"menu_order":0,"comment_status":"closed","ping_status":"closed","template":"","meta":{"ngg_post_thumbnail":0,"jetpack_post_was_ever_published":false,"footnotes":""},"class_list":["post-128","page","type-page","status-publish","hentry"],"jetpack_sharing_enabled":true,"jetpack_shortlink":"https:\/\/wp.me\/P7jPbe-24","jetpack-related-posts":[{"id":620,"url":"https:\/\/satg.pl\/geolog\/teksty\/wiersze\/","url_meta":{"origin":128,"position":0},"title":"WIERSZE","author":"Garapozales","date":"2011-09-03","format":false,"excerpt":"Kielecki Geolog - Ryszard Kie\u0142ek(tekst oryginalny) \u00a0 \u00a0 \u00a0 \u00a0 W \u015bwi\u0119tokrzyskich g\u00f3r enklawie dzia\u0142a\u0142a kiedy\u015b pi\u0119kna szko\u0142a o nie tylko regionalnej, kieleckiej ale i narodowej s\u0142awie. Ten monolog m\u00f3wi o \u015bredniej szkole o nazwie \"Geolog\". Jego historia wiele lat si\u0119ga, to prawdziwa edukacyjna pot\u0119ga, technicy wiertnicy, p\u00f3\u017aniejsi in\u017cynierowie, uczelnie\u2026","rel":"","context":"Podobny wpis","block_context":{"text":"Podobny wpis","link":""},"img":{"alt_text":"","src":"https:\/\/i0.wp.com\/satg.pl\/geolog\/wp-content\/uploads\/2023\/06\/Ryszard-Kielek-150x150.jpg?resize=350%2C200","width":350,"height":200},"classes":[]},{"id":1626,"url":"https:\/\/satg.pl\/geolog\/teksty\/wspomnienia\/","url_meta":{"origin":128,"position":1},"title":"WSPOMNIENIA","author":"Garapozales","date":"2013-06-21","format":false,"excerpt":"O UCZNIACH, KT\u00d3RZY KOCHALI SWOJ\u0104 SZKO\u0141\u0118 CZYLI FENOMEN TECHNIKUM GEOLOGICZNEGO W KIELCACH NAPISANE PRZEZ; ZOFIA T. KRAMER (PAWLIK), matura 1983 D\u0142ugo my\u015bla\u0142am co powinnam napisa\u0107, aby przekaza\u0107 moje wspomnienia z pi\u0119ciu fantastycznych lat \u017cycia i nikogo nie pomin\u0105\u0107, dlatego nikogo nie wymieniam tu z imienia i nazwiska. Ci, kt\u00f3rzy byli\u2026","rel":"","context":"Podobny wpis","block_context":{"text":"Podobny wpis","link":""},"img":{"alt_text":"","src":"","width":0,"height":0},"classes":[]},{"id":11,"url":"https:\/\/satg.pl\/geolog\/o-nas\/","url_meta":{"origin":128,"position":2},"title":"O NAS","author":"Garapozales","date":"2010-10-30","format":false,"excerpt":"STOWARZYSZENIE ABSOLWENT\u00d3W TECHNIKUM GEOLOGICZNEGO w Kielcach skupia by\u0142ych uczni\u00f3w i nauczycieli nieistniej\u0105cego ju\u017c Technikum Geologicznego w Kielcach. ReGULAMIN STOWARZYSZeNIA ABSOLWeNT\u00d3W TeCHNIKUM GeOLOGICZNeGO w Kielcach Stowarzyszenie absolwent\u00f3w Technikum Geologicznego w Kielcach zrzesza wszystkich absolwent\u00f3w i nauczycieli T.G. w Kielcach. Celem Stowarzyszenia jest integracja i utrzymywanie kontakt\u00f3w kole\u017ce\u0144skich i\u00a0towarzyskich z absolwentami i\u2026","rel":"","context":"Podobny wpis","block_context":{"text":"Podobny wpis","link":""},"img":{"alt_text":"","src":"","width":0,"height":0},"classes":[]}],"jetpack_likes_enabled":true,"_links":{"self":[{"href":"https:\/\/satg.pl\/geolog\/wp-json\/wp\/v2\/pages\/128","targetHints":{"allow":["GET"]}}],"collection":[{"href":"https:\/\/satg.pl\/geolog\/wp-json\/wp\/v2\/pages"}],"about":[{"href":"https:\/\/satg.pl\/geolog\/wp-json\/wp\/v2\/types\/page"}],"author":[{"embeddable":true,"href":"https:\/\/satg.pl\/geolog\/wp-json\/wp\/v2\/users\/1"}],"replies":[{"embeddable":true,"href":"https:\/\/satg.pl\/geolog\/wp-json\/wp\/v2\/comments?post=128"}],"version-history":[{"count":0,"href":"https:\/\/satg.pl\/geolog\/wp-json\/wp\/v2\/pages\/128\/revisions"}],"up":[{"embeddable":true,"href":"https:\/\/satg.pl\/geolog\/wp-json\/wp\/v2\/pages\/617"}],"wp:attachment":[{"href":"https:\/\/satg.pl\/geolog\/wp-json\/wp\/v2\/media?parent=128"}],"curies":[{"name":"wp","href":"https:\/\/api.w.org\/{rel}","templated":true}]}}