{"id":115,"date":"2010-11-03T07:13:26","date_gmt":"2010-11-03T06:13:26","guid":{"rendered":"http:\/\/www.satg.pl\/wordpress\/"},"modified":"2020-05-21T07:29:47","modified_gmt":"2020-05-21T05:29:47","slug":"rocznice","status":"publish","type":"page","link":"https:\/\/satg.pl\/geolog\/fotografie\/rocznice\/","title":{"rendered":"ZjAZDY"},"content":{"rendered":"ngg_shortcode_0_placeholder\n","protected":false},"excerpt":{"rendered":"<p class=\"continue-reading-button\"> <a class=\"continue-reading-link\" href=\"https:\/\/satg.pl\/geolog\/fotografie\/rocznice\/\">Czytaj dalej<i class=\"crycon-right-dir\"><\/i><\/a><\/p>\n","protected":false},"author":1,"featured_media":0,"parent":22,"menu_order":0,"comment_status":"closed","ping_status":"closed","template":"templates\/template-onecolumn.php","meta":{"ngg_post_thumbnail":0,"jetpack_post_was_ever_published":false,"footnotes":""},"class_list":["post-115","page","type-page","status-publish","hentry"],"jetpack_sharing_enabled":true,"jetpack_shortlink":"https:\/\/wp.me\/P7jPbe-1R","jetpack-related-posts":[{"id":11,"url":"https:\/\/satg.pl\/geolog\/o-nas\/","url_meta":{"origin":115,"position":0},"title":"O NAS","author":"Garapozales","date":"2010-10-30","format":false,"excerpt":"STOWARZYSZENIE ABSOLWENT\u00d3W TECHNIKUM GEOLOGICZNEGO w Kielcach skupia by\u0142ych uczni\u00f3w i nauczycieli nieistniej\u0105cego ju\u017c Technikum Geologicznego w Kielcach. ReGULAMIN STOWARZYSZeNIA ABSOLWeNT\u00d3W TeCHNIKUM GeOLOGICZNeGO w Kielcach Stowarzyszenie absolwent\u00f3w Technikum Geologicznego w Kielcach zrzesza wszystkich absolwent\u00f3w i nauczycieli T.G. w Kielcach. Celem Stowarzyszenia jest integracja i utrzymywanie kontakt\u00f3w kole\u017ce\u0144skich i\u00a0towarzyskich z absolwentami i\u2026","rel":"","context":"Podobny wpis","block_context":{"text":"Podobny wpis","link":""},"img":{"alt_text":"","src":"","width":0,"height":0},"classes":[]},{"id":19196,"url":"https:\/\/satg.pl\/geolog\/fotografie\/spotkania-2\/","url_meta":{"origin":115,"position":1},"title":"SPOTKANiA","author":"Garapozales","date":"2016-03-28","format":false,"excerpt":"","rel":"","context":"Podobny wpis","block_context":{"text":"Podobny wpis","link":""},"img":{"alt_text":"","src":"","width":0,"height":0},"classes":[]},{"id":22361,"url":"https:\/\/satg.pl\/geolog\/kroniki\/10-lat-gagatow-2\/","url_meta":{"origin":115,"position":2},"title":"10 lat Gagat\u00f3w","author":"Garapozales","date":"2025-03-02","format":false,"excerpt":"","rel":"","context":"Podobny wpis","block_context":{"text":"Podobny wpis","link":""},"img":{"alt_text":"","src":"","width":0,"height":0},"classes":[]},{"id":14,"url":"https:\/\/satg.pl\/geolog\/kontakt\/","url_meta":{"origin":115,"position":3},"title":"KONTAKT","author":"Garapozales","date":"2010-10-30","format":false,"excerpt":"ul. Zgoda 21 \u00a0 \u00a0 \u00a0 \u00a0 \u00a0 \u00a0 \u00a0 \u00a0 \u00a0 \u00a0 \u00a0 \u00a0 \u00a0 \u00a0\u00a0 \u00a0 25-378 Kielce tel. +48 41 361 25 37\u00a0\u00a0\u00a0\u00a0\u00a0\u00a0\u00a0\u00a0\u00a0\u00a0\u00a0\u00a0\u00a0\u00a0\u00a0 fax +48 41 361 24 93 nip 657 268 74 03\u00a0\u00a0\u00a0\u00a0\u00a0\u00a0\u00a0\u00a0\u00a0\u00a0\u00a0\u00a0\u00a0\u00a0\u00a0\u00a0\u00a0\u00a0\u00a0\u00a0 nr konta 17 1020 2629 0000 9902 0268 2136 w PKO BP S.A.\u2026","rel":"","context":"Podobny wpis","block_context":{"text":"Podobny wpis","link":""},"img":{"alt_text":"","src":"","width":0,"height":0},"classes":[]},{"id":9,"url":"https:\/\/satg.pl\/geolog\/historia\/","url_meta":{"origin":115,"position":4},"title":"HISTORIA","author":"Garapozales","date":"2010-10-30","format":false,"excerpt":"Historia TG \u00a0 Technikum Geologiczne w Kielcach powsta\u0142o w 1953 r. na mocy zarz\u0105dzenia z dnia 28 lutego 1953\u00a0r. nr IV-05b\/30 wydanego przez Centralny Urz\u0105d Geologii w Warszawie. W roku szkolnym 1953\/54 by\u0142a jedna czterdziestoosobowa klasa wydzia\u0142u laboratoryjnego z\u00a0jednym nauczycielem etatowym, wychowawczyni\u0105 klasy by\u0142a mgr Maria Zatorska. Pierwszym dyrektorem szko\u0142y\u2026","rel":"","context":"Podobny wpis","block_context":{"text":"Podobny wpis","link":""},"img":{"alt_text":"","src":"","width":0,"height":0},"classes":[]},{"id":1268,"url":"https:\/\/satg.pl\/geolog\/zjazd_2013\/","url_meta":{"origin":115,"position":5},"title":"ZJAZD","author":"Garapozales","date":"2012-12-26","format":false,"excerpt":"Strona po\u015bwi\u0119cona zjazdowi, kt\u00f3ry odb\u0119dzie si\u0119 w czerwcu 2013 roku. Same naj\u015bwie\u017csze informacje JUBILEUSZOWY X ZJAZD ABSOLWENT\u00d3W TG w dniach 8-9 czerwca 2013 r. UWAGA: Absolwenci posiadaj\u0105cy galowe mundury g\u00f3rnicze proszeni s\u0105 o uczestnictwo w nich w cz\u0119\u015bci oficjalnej. Op\u0142ata za udzia\u0142 wynosi 220 z\u0142 (ma\u0142\u017ce\u0144stwa absolwenckie TG - 350\u2026","rel":"","context":"Podobny wpis","block_context":{"text":"Podobny wpis","link":""},"img":{"alt_text":"Zjazd","src":"https:\/\/i0.wp.com\/satg.pl\/geolog\/wp-content\/uploads\/2012\/12\/Zjazd.png?resize=350%2C200","width":350,"height":200},"classes":[]}],"jetpack_likes_enabled":true,"_links":{"self":[{"href":"https:\/\/satg.pl\/geolog\/wp-json\/wp\/v2\/pages\/115","targetHints":{"allow":["GET"]}}],"collection":[{"href":"https:\/\/satg.pl\/geolog\/wp-json\/wp\/v2\/pages"}],"about":[{"href":"https:\/\/satg.pl\/geolog\/wp-json\/wp\/v2\/types\/page"}],"author":[{"embeddable":true,"href":"https:\/\/satg.pl\/geolog\/wp-json\/wp\/v2\/users\/1"}],"replies":[{"embeddable":true,"href":"https:\/\/satg.pl\/geolog\/wp-json\/wp\/v2\/comments?post=115"}],"version-history":[{"count":6,"href":"https:\/\/satg.pl\/geolog\/wp-json\/wp\/v2\/pages\/115\/revisions"}],"predecessor-version":[{"id":21375,"href":"https:\/\/satg.pl\/geolog\/wp-json\/wp\/v2\/pages\/115\/revisions\/21375"}],"up":[{"embeddable":true,"href":"https:\/\/satg.pl\/geolog\/wp-json\/wp\/v2\/pages\/22"}],"wp:attachment":[{"href":"https:\/\/satg.pl\/geolog\/wp-json\/wp\/v2\/media?parent=115"}],"curies":[{"name":"wp","href":"https:\/\/api.w.org\/{rel}","templated":true}]}}